{"id":861,"date":"2012-10-24T07:37:11","date_gmt":"2012-10-24T06:37:11","guid":{"rendered":"http:\/\/www.jaconet.org\/?page_id=861"},"modified":"2013-03-04T23:36:10","modified_gmt":"2013-03-04T22:36:10","slug":"adriatic-sea-tyde-calculator","status":"publish","type":"page","link":"https:\/\/www.lemie5lire.com\/?page_id=861","title":{"rendered":"Maree Adriatico"},"content":{"rendered":"<p>Un&#8217;applicazione android per calcolare le maree di alcune localit\u00e0 dell&#8217;altro adriatico.<\/p>\n<p><a title=\"Applicazione su google play\" href=\"https:\/\/play.google.com\/store\/apps\/details?id=org.jaconet.tideforecast&amp;feature=search_result#?t=W251bGwsMSwyLDEsIm9yZy5qYWNvbmV0LnRpZGVmb3JlY2FzdCJd\"><img loading=\"lazy\" decoding=\"async\" class=\"alignright\" style=\"margin-left: 10px; margin-right: 10px;\" title=\"2012.10.21-00.14.00\" alt=\"\" src=\"https:\/\/www.lemie5lire.com\/wp-content\/2013\/03\/tideforecast1_5.png\" width=\"180\" height=\"300\" \/><\/a><\/p>\n<p>Informazioni disponibili:<\/p>\n<ul>\n<li>Marea\u00a0attuale<\/li>\n<li>Minime e massime della giornata<\/li>\n<li>Grafico giornaliero<\/li>\n<li>Effemeridi di Sole e Luna<\/li>\n<li>Fasi Lunari<\/li>\n<\/ul>\n<p>E&#8217; possibile impostare data (tra il 1900 e il 2050), ora e localit\u00e0 per il calcolo<\/p>\n<p>Le localit\u00e0 presenti nel database sono: \u00a0Ancona,\u00a0Bakar,\u00a0Bar,Brindisi,\u00a0Dubrovnik,\u00a0Durres,\u00a0Falconera,\u00a0Gazenica,\u00a0Komiza,\u00a0Koper,\u00a0M_Losinj, Manfredonia,\u00a0Meljine,\u00a0Ortona,\u00a0Otranto,\u00a0Palagruza,\u00a0Pelagosa,\u00a0Pesaro,\u00a0Pto_Corsini,\u00a0Pula,\u00a0Ravenna,\u00a0Rogoznica, Rovinj,\u00a0Sestrice,\u00a0Sibenik,\u00a0Split,\u00a0Svetac,\u00a0Trieste,\u00a0Trieste_o,\u00a0Veli_rat,\u00a0Venezia_P,S, Venezia-Lido,\u00a0Vieste,Vis,\u00a0Zadar.<\/p>\n<p>Oltre a queste, calcolate con modelli armonici e su dati ottenuti da osservazioni locali, le seguenti localit\u00e0 hanno previsioni estrapolate basandosi su localit\u00e0 vicine e dal modello generale di marea dell&#8217;adriatico:\u00a0Pirano,\u00a0Muggia,\u00a0Duino,\u00a0Monfalcone,\u00a0Primero,\u00a0Grado,\u00a0Porto_Buso,\u00a0Porto_Nogaro,\u00a0Lignano.<\/p>\n<p>Per altre localit\u00e0 costiere \u00e8 possibile fare previsioni mediando i dati di due localit\u00e0 adiacenti ad essa per i quali la marea \u00e8 nota, questa operazione sar\u00e0 automatizzata in una prossima versione del programma.<\/p>\n<h3>Funzioni principali<\/h3>\n<p><strong><em>Funzioni tattili<\/em><\/strong><\/p>\n<p>Scorrimento verso destra: sposta la data di un giorno indietro.<\/p>\n<p>Scorrimento verso sinistra: sposta la data di un giorno avanti.<\/p>\n<p>Scorrimento verso su: una settimana avanti<\/p>\n<p>Scorrimento verso gi\u00f9: una settimana indietro.<\/p>\n<p>Doppio tap: \u00a0Zoom<\/p>\n<p><em><strong>\u00a0ZOOM<\/strong><\/em><\/p>\n<p>Lo zoom, attivabile con un doppio tap, consente di visualizzare ingrandite le seguenti informazioni:<\/p>\n<ul>\n<li>Marea\u00a0attuale<\/li>\n<li>Minime e massime della giornata<\/li>\n<li>Effemeridi di Sole e Luna<\/li>\n<li>Fasi Lunari<\/li>\n<\/ul>\n<p><em><strong>\u00a0RICALCOLO AUTOMATICO DEI DATI DI MAREA<\/strong><\/em><\/p>\n<p>La funzione di ricalcolo automatico \u00e8 attiva all&#8217;avvio dell&#8217;applicazione ed ha due modalit\u00e0 di ricalcolo:<\/p>\n<ul>\n<li><span style=\"line-height: 13px;\">Trascorrono 10 minuti<\/span><\/li>\n<li>La posizione cambia<\/li>\n<\/ul>\n<p>La prima modalit\u00e0 viene interrotta\u00a0impostando\u00a0una data o un ora manualmente.<\/p>\n<p>Se l&#8217;indicazione dell&#8217;ora nella barra rossa \u00e8 bianca, la funzione \u00e8 attiva mentre se \u00e8 grigia non ci sar\u00e0 aggiornamento automatico della posizione.<\/p>\n<p>Il ricalcolo per posizione variata non \u00e8 disattivabile.<\/p>\n<p>Vengono aggiornati i dati relativi a Current Tide e la posizione del Marker dell&#8217;ora sul grafico. Gli altri dati vengono aggiornati se cambia anche la data.<\/p>\n<p>&nbsp;<\/p>\n<p><span style=\"font-size: 1.5em;\">FAQs<\/span><\/p>\n<p>[faqlist faq_topic=&#8221;maree&#8221;]<\/p>\n<p><em><strong>Screenshots<\/strong><\/em><\/p>\n<figure id=\"attachment_930\" aria-describedby=\"caption-attachment-930\" style=\"width: 180px\" class=\"wp-caption alignleft\"><a href=\"https:\/\/www.lemie5lire.com\/wp-content\/2013\/03\/tideforecast1_5.png\"><img loading=\"lazy\" decoding=\"async\" class=\"size-medium wp-image-930\" alt=\"tideforecast1_5\" src=\"https:\/\/www.lemie5lire.com\/wp-content\/2013\/03\/tideforecast1_5-180x300.png\" width=\"180\" height=\"300\" srcset=\"https:\/\/www.lemie5lire.com\/wp-content\/2013\/03\/tideforecast1_5-180x300.png 180w, https:\/\/www.lemie5lire.com\/wp-content\/2013\/03\/tideforecast1_5.png 480w\" sizes=\"auto, (max-width: 180px) 100vw, 180px\" \/><\/a><figcaption id=\"caption-attachment-930\" class=\"wp-caption-text\">Principale<\/figcaption><\/figure>\n<figure id=\"attachment_929\" aria-describedby=\"caption-attachment-929\" style=\"width: 180px\" class=\"wp-caption alignleft\"><a href=\"https:\/\/www.lemie5lire.com\/wp-content\/2013\/03\/tf-screen2.png\"><img loading=\"lazy\" decoding=\"async\" class=\"size-medium wp-image-929\" alt=\"tf-screen2\" src=\"https:\/\/www.lemie5lire.com\/wp-content\/2013\/03\/tf-screen2-180x300.png\" width=\"180\" height=\"300\" srcset=\"https:\/\/www.lemie5lire.com\/wp-content\/2013\/03\/tf-screen2-180x300.png 180w, https:\/\/www.lemie5lire.com\/wp-content\/2013\/03\/tf-screen2.png 480w\" sizes=\"auto, (max-width: 180px) 100vw, 180px\" \/><\/a><figcaption id=\"caption-attachment-929\" class=\"wp-caption-text\">Localit\u00e0<\/figcaption><\/figure>\n<figure id=\"attachment_928\" aria-describedby=\"caption-attachment-928\" style=\"width: 180px\" class=\"wp-caption alignleft\"><a href=\"https:\/\/www.lemie5lire.com\/wp-content\/2013\/03\/tf-gesture.png\"><img loading=\"lazy\" decoding=\"async\" class=\"size-medium wp-image-928\" alt=\"tf-gesture\" src=\"https:\/\/www.lemie5lire.com\/wp-content\/2013\/03\/tf-gesture-180x300.png\" width=\"180\" height=\"300\" srcset=\"https:\/\/www.lemie5lire.com\/wp-content\/2013\/03\/tf-gesture-180x300.png 180w, https:\/\/www.lemie5lire.com\/wp-content\/2013\/03\/tf-gesture.png 480w\" sizes=\"auto, (max-width: 180px) 100vw, 180px\" \/><\/a><figcaption id=\"caption-attachment-928\" class=\"wp-caption-text\">Gesture<\/figcaption><\/figure>\n<figure id=\"attachment_925\" aria-describedby=\"caption-attachment-925\" style=\"width: 180px\" class=\"wp-caption alignleft\"><a href=\"https:\/\/www.lemie5lire.com\/wp-content\/2013\/03\/Screenshot_2013-03-03-10-23-24.png\"><img loading=\"lazy\" decoding=\"async\" class=\"size-medium wp-image-925\" alt=\"Screenshot_2013-03-03-10-23-24\" src=\"https:\/\/www.lemie5lire.com\/wp-content\/2013\/03\/Screenshot_2013-03-03-10-23-24-180x300.png\" width=\"180\" height=\"300\" srcset=\"https:\/\/www.lemie5lire.com\/wp-content\/2013\/03\/Screenshot_2013-03-03-10-23-24-180x300.png 180w, https:\/\/www.lemie5lire.com\/wp-content\/2013\/03\/Screenshot_2013-03-03-10-23-24.png 480w\" sizes=\"auto, (max-width: 180px) 100vw, 180px\" \/><\/a><figcaption id=\"caption-attachment-925\" class=\"wp-caption-text\">ZOOM<\/figcaption><\/figure>\n<figure id=\"attachment_927\" aria-describedby=\"caption-attachment-927\" style=\"width: 300px\" class=\"wp-caption alignleft\"><a href=\"https:\/\/www.lemie5lire.com\/wp-content\/2013\/03\/Screenshot_2013-03-03-10-23-49.png\"><img loading=\"lazy\" decoding=\"async\" class=\"size-medium wp-image-927\" alt=\"Screenshot_2013-03-03-10-23-49\" src=\"https:\/\/www.lemie5lire.com\/wp-content\/2013\/03\/Screenshot_2013-03-03-10-23-49-300x180.png\" width=\"300\" height=\"180\" srcset=\"https:\/\/www.lemie5lire.com\/wp-content\/2013\/03\/Screenshot_2013-03-03-10-23-49-300x180.png 300w, https:\/\/www.lemie5lire.com\/wp-content\/2013\/03\/Screenshot_2013-03-03-10-23-49.png 800w\" sizes=\"auto, (max-width: 300px) 100vw, 300px\" \/><\/a><figcaption id=\"caption-attachment-927\" class=\"wp-caption-text\">Principale<\/figcaption><\/figure>\n<p>&nbsp;<\/p>\n<figure id=\"attachment_926\" aria-describedby=\"caption-attachment-926\" style=\"width: 300px\" class=\"wp-caption alignnone\"><a href=\"https:\/\/www.lemie5lire.com\/wp-content\/2013\/03\/Screenshot_2013-03-03-10-23-35.png\"><img loading=\"lazy\" decoding=\"async\" class=\"size-medium wp-image-926\" alt=\"Screenshot_2013-03-03-10-23-35\" src=\"https:\/\/www.lemie5lire.com\/wp-content\/2013\/03\/Screenshot_2013-03-03-10-23-35-300x180.png\" width=\"300\" height=\"180\" srcset=\"https:\/\/www.lemie5lire.com\/wp-content\/2013\/03\/Screenshot_2013-03-03-10-23-35-300x180.png 300w, https:\/\/www.lemie5lire.com\/wp-content\/2013\/03\/Screenshot_2013-03-03-10-23-35.png 800w\" sizes=\"auto, (max-width: 300px) 100vw, 300px\" \/><\/a><figcaption id=\"caption-attachment-926\" class=\"wp-caption-text\">ZOOM<\/figcaption><\/figure>\n<h5 style=\"text-align: justify;\">Credits<\/h5>\n<p style=\"text-align: justify;\">I grafici sono basati su <a title=\"AndoirdPlot\" href=\"http:\/\/androidplot.com\/wiki\/Home\" target=\"_blank\">And<\/a><\/p>\n<p style=\"text-align: justify;\"><a title=\"AndoirdPlot\" href=\"http:\/\/androidplot.com\/wiki\/Home\" target=\"_blank\">riodPlot<\/a>\u00a0rilasciati con licenza <a href=\"http:\/\/androidplot.com\/wiki\/AndroidPlot:About#License\" target=\"_blank\">Apache 2.0<\/a>.<\/p>\n<h5 style=\"text-align: justify;\">References<\/h5>\n<p style=\"text-align: justify;\"><a href=\"http:\/\/www.vliz.be\/imisdocs\/publications\/59193.pdf\">A 3D finite-element model of the Adriatic tides\u00a0Benoit Cushman-Roisin*, Christopher E. Naimie<\/a><\/p>\n<p style=\"text-align: justify;\"><a href=\"http:\/\/www.ann-geophys.net\/23\/3207\/2005\/angeo-23-3207-2005.pdf\">Numerical simulation of the Adriatic Sea principal tidal constituents\u00a0I. Janekovic and M. Kuzmic<\/a><\/p>\n<p style=\"text-align: justify;\"><a href=\"http:\/\/www.dst.univ.trieste.it\/OM\/pm\/ROM_146_11-7.pdf\">Previsioni di marea per il Golfo di Trieste &#8211;\u00a0Franco Stravisi,\u00a0Stefano Cirilli<\/a><\/p>\n<div class=\"pdfprnt-buttons pdfprnt-buttons-page pdfprnt-bottom-right\"><a href=\"https:\/\/www.lemie5lire.com\/index.php?rest_route=wpv2pages861&print=pdf\" class=\"pdfprnt-button pdfprnt-button-pdf\" target=\"_blank\"><\/a><a href=\"https:\/\/www.lemie5lire.com\/index.php?rest_route=wpv2pages861&print=print\" class=\"pdfprnt-button pdfprnt-button-print\" target=\"_blank\"><img decoding=\"async\" src=\"https:\/\/www.lemie5lire.com\/wp-content\/plugins\/pdf-print\/images\/print.png\" alt=\"image_print\" title=\"Stampa contenuto\" \/><\/a><\/div>","protected":false},"excerpt":{"rendered":"<p>Un&#8217;applicazione android per calcolare le maree di alcune localit\u00e0 dell&#8217;altro adriatico. Informazioni disponibili: Marea\u00a0attuale Minime e massime della giornata Grafico giornaliero Effemeridi di Sole e Luna Fasi Lunari E&#8217; possibile impostare data (tra il 1900 e il 2050), ora e localit\u00e0 per il calcolo Le localit\u00e0 presenti nel database sono: \u00a0Ancona,\u00a0Bakar,\u00a0Bar,Brindisi,\u00a0Dubrovnik,\u00a0Durres,\u00a0Falconera,\u00a0Gazenica,\u00a0Komiza,\u00a0Koper,\u00a0M_Losinj, Manfredonia,\u00a0Meljine,\u00a0Ortona,\u00a0Otranto,\u00a0Palagruza,\u00a0Pelagosa,\u00a0Pesaro,\u00a0Pto_Corsini,\u00a0Pula,\u00a0Ravenna,\u00a0Rogoznica, Rovinj,\u00a0Sestrice,\u00a0Sibenik,\u00a0Split,\u00a0Svetac,\u00a0Trieste,\u00a0Trieste_o,\u00a0Veli_rat,\u00a0Venezia_P,S, Venezia-Lido,\u00a0Vieste,Vis,\u00a0Zadar. Oltre &hellip;<\/p>\n","protected":false},"author":1,"featured_media":0,"parent":858,"menu_order":0,"comment_status":"open","ping_status":"open","template":"","meta":{"ghostkit_customizer_options":"","ghostkit_custom_css":"","ghostkit_custom_js_head":"","ghostkit_custom_js_foot":"","ghostkit_typography":"","iawp_total_views":2,"footnotes":""},"class_list":["post-861","page","type-page","status-publish","hentry"],"_links":{"self":[{"href":"https:\/\/www.lemie5lire.com\/index.php?rest_route=\/wp\/v2\/pages\/861","targetHints":{"allow":["GET"]}}],"collection":[{"href":"https:\/\/www.lemie5lire.com\/index.php?rest_route=\/wp\/v2\/pages"}],"about":[{"href":"https:\/\/www.lemie5lire.com\/index.php?rest_route=\/wp\/v2\/types\/page"}],"author":[{"embeddable":true,"href":"https:\/\/www.lemie5lire.com\/index.php?rest_route=\/wp\/v2\/users\/1"}],"replies":[{"embeddable":true,"href":"https:\/\/www.lemie5lire.com\/index.php?rest_route=%2Fwp%2Fv2%2Fcomments&post=861"}],"version-history":[{"count":12,"href":"https:\/\/www.lemie5lire.com\/index.php?rest_route=\/wp\/v2\/pages\/861\/revisions"}],"predecessor-version":[{"id":865,"href":"https:\/\/www.lemie5lire.com\/index.php?rest_route=\/wp\/v2\/pages\/861\/revisions\/865"}],"up":[{"embeddable":true,"href":"https:\/\/www.lemie5lire.com\/index.php?rest_route=\/wp\/v2\/pages\/858"}],"wp:attachment":[{"href":"https:\/\/www.lemie5lire.com\/index.php?rest_route=%2Fwp%2Fv2%2Fmedia&parent=861"}],"curies":[{"name":"wp","href":"https:\/\/api.w.org\/{rel}","templated":true}]}}