{"id":47558,"date":"2025-03-09T13:59:38","date_gmt":"2025-03-09T12:59:38","guid":{"rendered":"https:\/\/www.lemie5lire.com\/?page_id=47558"},"modified":"2025-03-09T13:59:39","modified_gmt":"2025-03-09T12:59:39","slug":"tecnologia","status":"publish","type":"page","link":"https:\/\/www.lemie5lire.com\/?page_id=47558","title":{"rendered":"Tecnologia"},"content":{"rendered":"\n<p><\/p>\n\n\n\n<div class=\"wp-block-stackable-columns stk-block-columns stk-block stk-2ac4829\" data-block-id=\"2ac4829\"><div class=\"stk-row stk-inner-blocks stk-block-content stk-content-align stk-2ac4829-column\">\n<div class=\"wp-block-stackable-column stk-block-column stk-column stk-block stk-f65a5be\" data-v=\"4\" data-block-id=\"f65a5be\"><div class=\"stk-column-wrapper stk-block-column__content stk-container stk-f65a5be-container stk--no-background stk--no-padding\"><div class=\"stk-block-content stk-inner-blocks stk-f65a5be-inner-blocks\">\n<div class=\"wp-block-stackable-posts stk-block-posts stk-block stk-c1a9ee6 stk-block-background is-style-default\" data-v=\"2\" data-block-id=\"c1a9ee6\"><style>.stk-c1a9ee6 {--stk-columns:2 !important;--stk-column-gap:11px !important;}.stk-c1a9ee6 .stk-img-wrapper{width:100% !important;filter:drop-shadow(0px 0 2px #78787880) !important;}<\/style><div class=\"stk-inner-blocks stk-content-align stk-c1a9ee6-column\"><div class=\"stk-block-posts__items\"><div class=\"stk-block-posts__item\"><div class=\"stk-container stk-c1a9ee6-container stk--no-background stk--no-padding\"><article><h3 class=\"stk-block-posts__title\"><a href='https:\/\/www.lemie5lire.com\/?p=47225'>Reset<\/a><\/h3><a href=\"https:\/\/www.lemie5lire.com\/?p=47225\" class=\"stk-block-posts__image-link\"><\/a><aside class=\"stk-block-posts__meta stk-subtitle\"><span>J(A)CO<\/span><span class=\"stk-block-posts__meta-sep\">\u00b7<\/span><time datetime=\"2025-01-13T22:46:49+01:00\">13 Gennaio 2025<\/time><span class=\"stk-block-posts__meta-sep\">\u00b7<\/span><span>0 commenti<\/span><\/aside><div class=\"stk-block-posts__excerpt\"><p>Per tanti, per certi versi troppi, anni ho abbandonato questo mio blog. Un po&#8217; per pigrizia, un po&#8217; perch\u00e9&#8230; i social&#8230;. Forse solo perch\u00e9 non avevo granch\u00e9 da dire o la voglia di dirlo. Anche un po&#8217; perch\u00e9 ho scritto qualcosa altrove, pi\u00f9 per me che per gli altri. Ora ho sentito di voler riprendere.&hellip;<\/p>\n<\/div><a class=\"stk-block-posts__readmore\" href=\"https:\/\/www.lemie5lire.com\/?p=47225\">Continua a leggere<\/a><\/article><\/div><\/div><div class=\"stk-block-posts__item\"><div class=\"stk-container stk-c1a9ee6-container stk--no-background stk--no-padding\"><article><h3 class=\"stk-block-posts__title\"><a href='https:\/\/www.lemie5lire.com\/?p=626'>ajaxObject tips: periodic update of contents<\/a><\/h3><a href=\"https:\/\/www.lemie5lire.com\/?p=626\" class=\"stk-block-posts__image-link\"><\/a><aside class=\"stk-block-posts__meta stk-subtitle\"><span>J(A)CO<\/span><span class=\"stk-block-posts__meta-sep\">\u00b7<\/span><time datetime=\"2010-06-18T09:42:26+01:00\">18 Giugno 2010<\/time><span class=\"stk-block-posts__meta-sep\">\u00b7<\/span><span>0 commenti<\/span><\/aside><div class=\"stk-block-posts__excerpt\"><p>One of the possibles use of ajax technology is to have an automatic update of data in a web page.This is easily possible using the ajaxObject. First of all, we have to think to an object that is available in the ajaxObject: timerObject. This is normally used inside ajaxObject for timeout and progress bar, but&hellip;<\/p>\n<\/div><a class=\"stk-block-posts__readmore\" href=\"https:\/\/www.lemie5lire.com\/?p=626\">Continua a leggere<\/a><\/article><\/div><\/div><div class=\"stk-block-posts__item\"><div class=\"stk-container stk-c1a9ee6-container stk--no-background stk--no-padding\"><article><h3 class=\"stk-block-posts__title\"><a href='https:\/\/www.lemie5lire.com\/?p=601'>A general purpose JavaScript ajax object<\/a><\/h3><a href=\"https:\/\/www.lemie5lire.com\/?p=601\" class=\"stk-block-posts__image-link\"><\/a><aside class=\"stk-block-posts__meta stk-subtitle\"><span>J(A)CO<\/span><span class=\"stk-block-posts__meta-sep\">\u00b7<\/span><time datetime=\"2010-06-17T17:02:30+01:00\">17 Giugno 2010<\/time><span class=\"stk-block-posts__meta-sep\">\u00b7<\/span><span>0 commenti<\/span><\/aside><div class=\"stk-block-posts__excerpt\">During the years I needed to use alway more often ajax implementations in web design. There are several reasons to use this technology but the first is for sure that reloading a page just to update a small quantity of data is really annoying and looks really &#8220;not professional&#8221;. So the first thing that you&#8230;<\/div><a class=\"stk-block-posts__readmore\" href=\"https:\/\/www.lemie5lire.com\/?p=601\">Continua a leggere<\/a><\/article><\/div><\/div><\/div><div class=\"stk-inner-blocks\"><\/div><\/div><\/div>\n<\/div><\/div><\/div>\n<\/div><\/div>\n<div class=\"pdfprnt-buttons pdfprnt-buttons-page pdfprnt-bottom-right\"><a href=\"https:\/\/www.lemie5lire.com\/index.php?rest_route=wpv2pages47558&print=pdf\" class=\"pdfprnt-button pdfprnt-button-pdf\" target=\"_blank\"><\/a><a href=\"https:\/\/www.lemie5lire.com\/index.php?rest_route=wpv2pages47558&print=print\" class=\"pdfprnt-button pdfprnt-button-print\" target=\"_blank\"><img decoding=\"async\" src=\"https:\/\/www.lemie5lire.com\/wp-content\/plugins\/pdf-print\/images\/print.png\" alt=\"image_print\" title=\"Stampa contenuto\" \/><\/a><\/div>","protected":false},"excerpt":{"rendered":"<p>Reset J(A)CO\u00b713 Gennaio 2025\u00b70 commenti Per tanti, per certi versi troppi, anni ho abbandonato questo mio blog. Un po&#8217; per pigrizia, un po&#8217; perch\u00e9&#8230; i social&#8230;. Forse solo perch\u00e9 non avevo granch\u00e9 da dire o la voglia di dirlo. Anche un po&#8217; perch\u00e9 ho scritto qualcosa altrove, pi\u00f9 per me che per gli altri. Ora &hellip;<\/p>\n","protected":false},"author":47,"featured_media":0,"parent":47356,"menu_order":0,"comment_status":"closed","ping_status":"closed","template":"","meta":{"ghostkit_customizer_options":"","ghostkit_custom_css":"","ghostkit_custom_js_head":"","ghostkit_custom_js_foot":"","ghostkit_typography":"","iawp_total_views":8,"footnotes":""},"class_list":["post-47558","page","type-page","status-publish","hentry"],"_links":{"self":[{"href":"https:\/\/www.lemie5lire.com\/index.php?rest_route=\/wp\/v2\/pages\/47558","targetHints":{"allow":["GET"]}}],"collection":[{"href":"https:\/\/www.lemie5lire.com\/index.php?rest_route=\/wp\/v2\/pages"}],"about":[{"href":"https:\/\/www.lemie5lire.com\/index.php?rest_route=\/wp\/v2\/types\/page"}],"author":[{"embeddable":true,"href":"https:\/\/www.lemie5lire.com\/index.php?rest_route=\/wp\/v2\/users\/47"}],"replies":[{"embeddable":true,"href":"https:\/\/www.lemie5lire.com\/index.php?rest_route=%2Fwp%2Fv2%2Fcomments&post=47558"}],"version-history":[{"count":2,"href":"https:\/\/www.lemie5lire.com\/index.php?rest_route=\/wp\/v2\/pages\/47558\/revisions"}],"predecessor-version":[{"id":47565,"href":"https:\/\/www.lemie5lire.com\/index.php?rest_route=\/wp\/v2\/pages\/47558\/revisions\/47565"}],"up":[{"embeddable":true,"href":"https:\/\/www.lemie5lire.com\/index.php?rest_route=\/wp\/v2\/pages\/47356"}],"wp:attachment":[{"href":"https:\/\/www.lemie5lire.com\/index.php?rest_route=%2Fwp%2Fv2%2Fmedia&parent=47558"}],"curies":[{"name":"wp","href":"https:\/\/api.w.org\/{rel}","templated":true}]}}