{"id":47556,"date":"2025-03-09T13:57:38","date_gmt":"2025-03-09T12:57:38","guid":{"rendered":"https:\/\/www.lemie5lire.com\/?page_id=47556"},"modified":"2025-03-09T13:57:38","modified_gmt":"2025-03-09T12:57:38","slug":"il-piccolo","status":"publish","type":"page","link":"https:\/\/www.lemie5lire.com\/?page_id=47556","title":{"rendered":"Il Piccolo"},"content":{"rendered":"\n<p><\/p>\n\n\n\n<div class=\"wp-block-stackable-columns stk-block-columns stk-block stk-2ac4829\" data-block-id=\"2ac4829\"><div class=\"stk-row stk-inner-blocks stk-block-content stk-content-align stk-2ac4829-column\">\n<div class=\"wp-block-stackable-column stk-block-column stk-column stk-block stk-f65a5be\" data-v=\"4\" data-block-id=\"f65a5be\"><div class=\"stk-column-wrapper stk-block-column__content stk-container stk-f65a5be-container stk--no-background stk--no-padding\"><div class=\"stk-block-content stk-inner-blocks stk-f65a5be-inner-blocks\">\n<div class=\"wp-block-stackable-posts stk-block-posts stk-block stk-c1a9ee6 stk-block-background is-style-default\" data-v=\"2\" data-block-id=\"c1a9ee6\"><style>.stk-c1a9ee6 {--stk-columns:2 !important;--stk-column-gap:11px !important;}.stk-c1a9ee6 .stk-img-wrapper{width:100% !important;filter:drop-shadow(0px 0 2px #78787880) !important;}<\/style><div class=\"stk-inner-blocks stk-content-align stk-c1a9ee6-column\"><div class=\"stk-block-posts__items\"><div class=\"stk-block-posts__item\"><div class=\"stk-container stk-c1a9ee6-container stk--no-background stk--no-padding\"><article><h3 class=\"stk-block-posts__title\"><a href='https:\/\/www.lemie5lire.com\/?p=47225'>Reset<\/a><\/h3><a href=\"https:\/\/www.lemie5lire.com\/?p=47225\" class=\"stk-block-posts__image-link\"><\/a><aside class=\"stk-block-posts__meta stk-subtitle\"><span>J(A)CO<\/span><span class=\"stk-block-posts__meta-sep\">\u00b7<\/span><time datetime=\"2025-01-13T22:46:49+01:00\">13 Gennaio 2025<\/time><span class=\"stk-block-posts__meta-sep\">\u00b7<\/span><span>0 commenti<\/span><\/aside><div class=\"stk-block-posts__excerpt\"><p>Per tanti, per certi versi troppi, anni ho abbandonato questo mio blog. Un po&#8217; per pigrizia, un po&#8217; perch\u00e9&#8230; i social&#8230;. Forse solo perch\u00e9 non avevo granch\u00e9 da dire o la voglia di dirlo. Anche un po&#8217; perch\u00e9 ho scritto qualcosa altrove, pi\u00f9 per me che per gli altri. Ora ho sentito di voler riprendere.&hellip;<\/p>\n<\/div><a class=\"stk-block-posts__readmore\" href=\"https:\/\/www.lemie5lire.com\/?p=47225\">Continua a leggere<\/a><\/article><\/div><\/div><div class=\"stk-block-posts__item\"><div class=\"stk-container stk-c1a9ee6-container stk--no-background stk--no-padding\"><article><h3 class=\"stk-block-posts__title\"><a href='https:\/\/www.lemie5lire.com\/?p=2018'>E la scuola ricomincia, nuova. Buona?<\/a><\/h3><a href=\"https:\/\/www.lemie5lire.com\/?p=2018\" class=\"stk-block-posts__image-link\"><figure class=\"stk-img-wrapper stk-image--shape-stretch stk--shadow-0px 0 2px #78787880\"><img loading=\"lazy\" decoding=\"async\" width=\"400\" height=\"267\" src=\"https:\/\/www.lemie5lire.com\/wp-content\/2015\/09\/oberdan-e1442751438453.jpg\" class=\"attachment-full size-full wp-post-image\" alt=\"\" \/><\/figure><\/a><aside class=\"stk-block-posts__meta stk-subtitle\"><span>J(A)CO<\/span><span class=\"stk-block-posts__meta-sep\">\u00b7<\/span><time datetime=\"2015-09-20T14:15:25+01:00\">20 Settembre 2015<\/time><span class=\"stk-block-posts__meta-sep\">\u00b7<\/span><span>0 commenti<\/span><\/aside><div class=\"stk-block-posts__excerpt\"><p>Riparte la scuola. Sar\u00e0 una buona scuola? Lo vedremo. Certo \u00e8 che la figura del preside assume una rilevanza assai diversa dal passato. Diventa l\u2019elemento che pu\u00f2 determinare, almeno sulla carta, nel bene e nel male, il livello di crescita del alunno principalmente dal punto di vista dell\u2019istruzione ma anche da quello umano. I ragazzi,&hellip;<\/p>\n<\/div><a class=\"stk-block-posts__readmore\" href=\"https:\/\/www.lemie5lire.com\/?p=2018\">Continua a leggere<\/a><\/article><\/div><\/div><div class=\"stk-block-posts__item\"><div class=\"stk-container stk-c1a9ee6-container stk--no-background stk--no-padding\"><article><h3 class=\"stk-block-posts__title\"><a href='https:\/\/www.lemie5lire.com\/?p=2031'>Ladri di pane<\/a><\/h3><a href=\"https:\/\/www.lemie5lire.com\/?p=2031\" class=\"stk-block-posts__image-link\"><figure class=\"stk-img-wrapper stk-image--shape-stretch stk--shadow-0px 0 2px #78787880\"><img loading=\"lazy\" decoding=\"async\" width=\"400\" height=\"267\" src=\"https:\/\/www.lemie5lire.com\/wp-content\/2015\/03\/ladro.jpg\" class=\"attachment-full size-full wp-post-image\" alt=\"\" srcset=\"https:\/\/www.lemie5lire.com\/wp-content\/2015\/03\/ladro.jpg 400w, https:\/\/www.lemie5lire.com\/wp-content\/2015\/03\/ladro-300x200.jpg 300w, https:\/\/www.lemie5lire.com\/wp-content\/2015\/03\/ladro-272x182.jpg 272w\" sizes=\"auto, (max-width: 400px) 100vw, 400px\" \/><\/figure><\/a><aside class=\"stk-block-posts__meta stk-subtitle\"><span>J(A)CO<\/span><span class=\"stk-block-posts__meta-sep\">\u00b7<\/span><time datetime=\"2015-03-23T16:56:51+01:00\">23 Marzo 2015<\/time><span class=\"stk-block-posts__meta-sep\">\u00b7<\/span><span>0 commenti<\/span><\/aside><div class=\"stk-block-posts__excerpt\"><p>Anche in una citt\u00e0 tranquilla, a volte spenta, come Trieste, da sempre ritenuta oasi felice, luogo dove trascorrere in tranquillit\u00e0 la vecchiaia, anche qui, ogni giorno ci si pu\u00f2 confrontare con le molteplici facce della realt\u00e0 e con il forse inesorabile ma certamente evidente degrado della societ\u00e0. Basta guardarsi in giro e si pu\u00f2 scoprire&hellip;<\/p>\n<\/div><a class=\"stk-block-posts__readmore\" href=\"https:\/\/www.lemie5lire.com\/?p=2031\">Continua a leggere<\/a><\/article><\/div><\/div><div class=\"stk-block-posts__item\"><div class=\"stk-container stk-c1a9ee6-container stk--no-background stk--no-padding\"><article><h3 class=\"stk-block-posts__title\"><a href='https:\/\/www.lemie5lire.com\/?p=949'>Sbarre ipocrite<\/a><\/h3><a href=\"https:\/\/www.lemie5lire.com\/?p=949\" class=\"stk-block-posts__image-link\"><figure class=\"stk-img-wrapper stk-image--shape-stretch stk--shadow-0px 0 2px #78787880\"><img loading=\"lazy\" decoding=\"async\" width=\"483\" height=\"358\" src=\"https:\/\/www.lemie5lire.com\/wp-content\/2013\/05\/sbarre.jpg\" class=\"attachment-full size-full wp-post-image\" alt=\"\" srcset=\"https:\/\/www.lemie5lire.com\/wp-content\/2013\/05\/sbarre.jpg 483w, https:\/\/www.lemie5lire.com\/wp-content\/2013\/05\/sbarre-300x222.jpg 300w\" sizes=\"auto, (max-width: 483px) 100vw, 483px\" \/><\/figure><\/a><aside class=\"stk-block-posts__meta stk-subtitle\"><span>J(A)CO<\/span><span class=\"stk-block-posts__meta-sep\">\u00b7<\/span><time datetime=\"2013-05-14T22:12:17+01:00\">14 Maggio 2013<\/time><span class=\"stk-block-posts__meta-sep\">\u00b7<\/span><span>0 commenti<\/span><\/aside><div class=\"stk-block-posts__excerpt\"><p>Da tempo ormai immemorabile il governo dei popoli passa anche attraverso l&#8217;induzione del sentimento che tutto ci\u00f2 che \u00e8 in qualche modo diverso, debba produrre diffidenza e paura in quanto pericoloso e che, pertanto, debba essere rifiutato. Centinaia, migliaia, probabilmente decine di migliaia di strutture sparse un po&#8217; dovunque nel mondo rendono testimonianza di questo&hellip;<\/p>\n<\/div><a class=\"stk-block-posts__readmore\" href=\"https:\/\/www.lemie5lire.com\/?p=949\">Continua a leggere<\/a><\/article><\/div><\/div><div class=\"stk-block-posts__item\"><div class=\"stk-container stk-c1a9ee6-container stk--no-background stk--no-padding\"><article><h3 class=\"stk-block-posts__title\"><a href='https:\/\/www.lemie5lire.com\/?p=892'>Se la scuola \u00e8 degli studenti, ascoltiamo le loro richieste.<\/a><\/h3><a href=\"https:\/\/www.lemie5lire.com\/?p=892\" class=\"stk-block-posts__image-link\"><\/a><aside class=\"stk-block-posts__meta stk-subtitle\"><span>J(A)CO<\/span><span class=\"stk-block-posts__meta-sep\">\u00b7<\/span><time datetime=\"2012-12-08T13:12:14+01:00\">8 Dicembre 2012<\/time><span class=\"stk-block-posts__meta-sep\">\u00b7<\/span><span>0 commenti<\/span><\/aside><div class=\"stk-block-posts__excerpt\"><p>C&#8217;\u00e8 un fatto che non viene mai evidenziato abbastanza, ovvero che la scuola \u00e8 degli studenti. Sono i ragazzi gli utenti di questo servizio ed \u00e8 quindi ai loro bisogni ed alle loro necessit\u00e0 dovrebbe essere data la massima attenzione da parte delle famiglie, degli insegnanti e delle istituzioni. Proprio la mancanza di queste attenzioni&hellip;<\/p>\n<\/div><a class=\"stk-block-posts__readmore\" href=\"https:\/\/www.lemie5lire.com\/?p=892\">Continua a leggere<\/a><\/article><\/div><\/div><\/div><div class=\"stk-inner-blocks\"><\/div><\/div><\/div>\n<\/div><\/div><\/div>\n<\/div><\/div>\n<div class=\"pdfprnt-buttons pdfprnt-buttons-page pdfprnt-bottom-right\"><a href=\"https:\/\/www.lemie5lire.com\/index.php?rest_route=wpv2pages47556&print=pdf\" class=\"pdfprnt-button pdfprnt-button-pdf\" target=\"_blank\"><\/a><a href=\"https:\/\/www.lemie5lire.com\/index.php?rest_route=wpv2pages47556&print=print\" class=\"pdfprnt-button pdfprnt-button-print\" target=\"_blank\"><img decoding=\"async\" src=\"https:\/\/www.lemie5lire.com\/wp-content\/plugins\/pdf-print\/images\/print.png\" alt=\"image_print\" title=\"Stampa contenuto\" \/><\/a><\/div>","protected":false},"excerpt":{"rendered":"<p>Reset J(A)CO\u00b713 Gennaio 2025\u00b70 commenti Per tanti, per certi versi troppi, anni ho abbandonato questo mio blog. Un po&#8217; per pigrizia, un po&#8217; perch\u00e9&#8230; i social&#8230;. Forse solo perch\u00e9 non avevo granch\u00e9 da dire o la voglia di dirlo. Anche un po&#8217; perch\u00e9 ho scritto qualcosa altrove, pi\u00f9 per me che per gli altri. Ora &hellip;<\/p>\n","protected":false},"author":47,"featured_media":0,"parent":47356,"menu_order":0,"comment_status":"closed","ping_status":"closed","template":"","meta":{"ghostkit_customizer_options":"","ghostkit_custom_css":"","ghostkit_custom_js_head":"","ghostkit_custom_js_foot":"","ghostkit_typography":"","iawp_total_views":9,"footnotes":""},"class_list":["post-47556","page","type-page","status-publish","hentry"],"_links":{"self":[{"href":"https:\/\/www.lemie5lire.com\/index.php?rest_route=\/wp\/v2\/pages\/47556","targetHints":{"allow":["GET"]}}],"collection":[{"href":"https:\/\/www.lemie5lire.com\/index.php?rest_route=\/wp\/v2\/pages"}],"about":[{"href":"https:\/\/www.lemie5lire.com\/index.php?rest_route=\/wp\/v2\/types\/page"}],"author":[{"embeddable":true,"href":"https:\/\/www.lemie5lire.com\/index.php?rest_route=\/wp\/v2\/users\/47"}],"replies":[{"embeddable":true,"href":"https:\/\/www.lemie5lire.com\/index.php?rest_route=%2Fwp%2Fv2%2Fcomments&post=47556"}],"version-history":[{"count":2,"href":"https:\/\/www.lemie5lire.com\/index.php?rest_route=\/wp\/v2\/pages\/47556\/revisions"}],"predecessor-version":[{"id":47563,"href":"https:\/\/www.lemie5lire.com\/index.php?rest_route=\/wp\/v2\/pages\/47556\/revisions\/47563"}],"up":[{"embeddable":true,"href":"https:\/\/www.lemie5lire.com\/index.php?rest_route=\/wp\/v2\/pages\/47356"}],"wp:attachment":[{"href":"https:\/\/www.lemie5lire.com\/index.php?rest_route=%2Fwp%2Fv2%2Fmedia&parent=47556"}],"curies":[{"name":"wp","href":"https:\/\/api.w.org\/{rel}","templated":true}]}}