{"id":47554,"date":"2025-03-09T13:54:24","date_gmt":"2025-03-09T12:54:24","guid":{"rendered":"https:\/\/www.lemie5lire.com\/?page_id=47554"},"modified":"2025-03-09T13:56:48","modified_gmt":"2025-03-09T12:56:48","slug":"cucina","status":"publish","type":"page","link":"https:\/\/www.lemie5lire.com\/?page_id=47554","title":{"rendered":"Cucina"},"content":{"rendered":"\n<p><\/p>\n\n\n\n<div class=\"wp-block-stackable-columns stk-block-columns stk-block stk-2ac4829\" data-block-id=\"2ac4829\"><div class=\"stk-row stk-inner-blocks stk-block-content stk-content-align stk-2ac4829-column\">\n<div class=\"wp-block-stackable-column stk-block-column stk-column stk-block stk-f65a5be\" data-v=\"4\" data-block-id=\"f65a5be\"><div class=\"stk-column-wrapper stk-block-column__content stk-container stk-f65a5be-container stk--no-background stk--no-padding\"><div class=\"stk-block-content stk-inner-blocks stk-f65a5be-inner-blocks\">\n<div class=\"wp-block-stackable-posts stk-block-posts stk-block stk-c1a9ee6 stk-block-background is-style-default\" data-v=\"2\" data-block-id=\"c1a9ee6\"><style>.stk-c1a9ee6 {--stk-columns:2 !important;--stk-column-gap:11px !important;}.stk-c1a9ee6 .stk-img-wrapper{width:100% !important;filter:drop-shadow(0px 0 2px #78787880) !important;}<\/style><div class=\"stk-inner-blocks stk-content-align stk-c1a9ee6-column\"><div class=\"stk-block-posts__items\"><div class=\"stk-block-posts__item\"><div class=\"stk-container stk-c1a9ee6-container stk--no-background stk--no-padding\"><article><h3 class=\"stk-block-posts__title\"><a href='https:\/\/www.lemie5lire.com\/?p=47225'>Reset<\/a><\/h3><a href=\"https:\/\/www.lemie5lire.com\/?p=47225\" class=\"stk-block-posts__image-link\"><\/a><aside class=\"stk-block-posts__meta stk-subtitle\"><span>J(A)CO<\/span><span class=\"stk-block-posts__meta-sep\">\u00b7<\/span><time datetime=\"2025-01-13T22:46:49+01:00\">13 Gennaio 2025<\/time><span class=\"stk-block-posts__meta-sep\">\u00b7<\/span><span>0 commenti<\/span><\/aside><div class=\"stk-block-posts__excerpt\"><p>Per tanti, per certi versi troppi, anni ho abbandonato questo mio blog. Un po&#8217; per pigrizia, un po&#8217; perch\u00e9&#8230; i social&#8230;. Forse solo perch\u00e9 non avevo granch\u00e9 da dire o la voglia di dirlo. Anche un po&#8217; perch\u00e9 ho scritto qualcosa altrove, pi\u00f9 per me che per gli altri. Ora ho sentito di voler riprendere.&hellip;<\/p>\n<\/div><a class=\"stk-block-posts__readmore\" href=\"https:\/\/www.lemie5lire.com\/?p=47225\">Continua a leggere<\/a><\/article><\/div><\/div><div class=\"stk-block-posts__item\"><div class=\"stk-container stk-c1a9ee6-container stk--no-background stk--no-padding\"><article><h3 class=\"stk-block-posts__title\"><a href='https:\/\/www.lemie5lire.com\/?p=739'>Il silenzio degli innocenti<\/a><\/h3><a href=\"https:\/\/www.lemie5lire.com\/?p=739\" class=\"stk-block-posts__image-link\"><\/a><aside class=\"stk-block-posts__meta stk-subtitle\"><span>J(A)CO<\/span><span class=\"stk-block-posts__meta-sep\">\u00b7<\/span><time datetime=\"2012-03-19T21:29:53+01:00\">19 Marzo 2012<\/time><span class=\"stk-block-posts__meta-sep\">\u00b7<\/span><span>0 commenti<\/span><\/aside><div class=\"stk-block-posts__excerpt\"><p>Tra poco \u00e8 pasqua e tradizione vuole che si mangi l&#8217;agnello. Queste povere creature immolate a centinaia, a migliaia ogni anno, sulla tavola della tradizione. Ma non sono i soli. Ci sono i mailini. Ed i vitelli, che nemmeno hanno l&#8217;onore di avere un giorno preciso da sfuggire. Per parlare di mammiferi, ma ci sono&hellip;<\/p>\n<\/div><a class=\"stk-block-posts__readmore\" href=\"https:\/\/www.lemie5lire.com\/?p=739\">Continua a leggere<\/a><\/article><\/div><\/div><div class=\"stk-block-posts__item\"><div class=\"stk-container stk-c1a9ee6-container stk--no-background stk--no-padding\"><article><h3 class=\"stk-block-posts__title\"><a href='https:\/\/www.lemie5lire.com\/?p=584'>Epigrafe per l&#8217; acciuga<\/a><\/h3><a href=\"https:\/\/www.lemie5lire.com\/?p=584\" class=\"stk-block-posts__image-link\"><\/a><aside class=\"stk-block-posts__meta stk-subtitle\"><span>J(A)CO<\/span><span class=\"stk-block-posts__meta-sep\">\u00b7<\/span><time datetime=\"2010-06-09T16:07:24+01:00\">9 Giugno 2010<\/time><span class=\"stk-block-posts__meta-sep\">\u00b7<\/span><span>0 commenti<\/span><\/aside><div class=\"stk-block-posts__excerpt\"><p> Acciuga (Engraulis encrasicholus) Finalmente c&#8217;\u00e8 un po&#8217; di sole, e l&#8217;estate appare ormai prossima. E l&#8217;estate, per chi vive in una citt\u00e0 di mare, vuol dire mare. Nuotarci, passeggiare in riva ad esso la sera beneficando della brezza rinfrescante. Odorarne il profumo. Assaporarne il salso. Ma il mare \u00e8 vita e&hellip;<\/p>\n<\/div><a class=\"stk-block-posts__readmore\" href=\"https:\/\/www.lemie5lire.com\/?p=584\">Continua a leggere<\/a><\/article><\/div><\/div><div class=\"stk-block-posts__item\"><div class=\"stk-container stk-c1a9ee6-container stk--no-background stk--no-padding\"><article><h3 class=\"stk-block-posts__title\"><a href='https:\/\/www.lemie5lire.com\/?p=578'>Oggi vi parler\u00f2 di jazz , porcini e qualcos&#8217;altro.<\/a><\/h3><a href=\"https:\/\/www.lemie5lire.com\/?p=578\" class=\"stk-block-posts__image-link\"><\/a><aside class=\"stk-block-posts__meta stk-subtitle\"><span>J(A)CO<\/span><span class=\"stk-block-posts__meta-sep\">\u00b7<\/span><time datetime=\"2010-06-05T21:33:55+01:00\">5 Giugno 2010<\/time><span class=\"stk-block-posts__meta-sep\">\u00b7<\/span><span>0 commenti<\/span><\/aside><div class=\"stk-block-posts__excerpt\">Crema di porri e porcini Che centrano queste cose una con l&#8217;altra? Ci arrivo subito. Dare una definizione di musica \u00e8 certamente un&#8217;impresa nella quale non intendo cimentarmi, ma posso dire, senza tema di smentite, che esistono tanti tipi, o meglio generi, di musica. Ognuna con le sue peculiarit\u00e0. E, a&hellip;&#8230;<\/div><a class=\"stk-block-posts__readmore\" href=\"https:\/\/www.lemie5lire.com\/?p=578\">Continua a leggere<\/a><\/article><\/div><\/div><\/div><div class=\"stk-inner-blocks\"><\/div><\/div><\/div>\n<\/div><\/div><\/div>\n<\/div><\/div>\n<div class=\"pdfprnt-buttons pdfprnt-buttons-page pdfprnt-bottom-right\"><a href=\"https:\/\/www.lemie5lire.com\/index.php?rest_route=wpv2pages47554&print=pdf\" class=\"pdfprnt-button pdfprnt-button-pdf\" target=\"_blank\"><\/a><a href=\"https:\/\/www.lemie5lire.com\/index.php?rest_route=wpv2pages47554&print=print\" class=\"pdfprnt-button pdfprnt-button-print\" target=\"_blank\"><img decoding=\"async\" src=\"https:\/\/www.lemie5lire.com\/wp-content\/plugins\/pdf-print\/images\/print.png\" alt=\"image_print\" title=\"Stampa contenuto\" \/><\/a><\/div>","protected":false},"excerpt":{"rendered":"<p>Reset J(A)CO\u00b713 Gennaio 2025\u00b70 commenti Per tanti, per certi versi troppi, anni ho abbandonato questo mio blog. Un po&#8217; per pigrizia, un po&#8217; perch\u00e9&#8230; i social&#8230;. Forse solo perch\u00e9 non avevo granch\u00e9 da dire o la voglia di dirlo. Anche un po&#8217; perch\u00e9 ho scritto qualcosa altrove, pi\u00f9 per me che per gli altri. Ora &hellip;<\/p>\n","protected":false},"author":47,"featured_media":0,"parent":47356,"menu_order":0,"comment_status":"closed","ping_status":"closed","template":"","meta":{"ghostkit_customizer_options":"","ghostkit_custom_css":"","ghostkit_custom_js_head":"","ghostkit_custom_js_foot":"","ghostkit_typography":"","iawp_total_views":7,"footnotes":""},"class_list":["post-47554","page","type-page","status-publish","hentry"],"_links":{"self":[{"href":"https:\/\/www.lemie5lire.com\/index.php?rest_route=\/wp\/v2\/pages\/47554","targetHints":{"allow":["GET"]}}],"collection":[{"href":"https:\/\/www.lemie5lire.com\/index.php?rest_route=\/wp\/v2\/pages"}],"about":[{"href":"https:\/\/www.lemie5lire.com\/index.php?rest_route=\/wp\/v2\/types\/page"}],"author":[{"embeddable":true,"href":"https:\/\/www.lemie5lire.com\/index.php?rest_route=\/wp\/v2\/users\/47"}],"replies":[{"embeddable":true,"href":"https:\/\/www.lemie5lire.com\/index.php?rest_route=%2Fwp%2Fv2%2Fcomments&post=47554"}],"version-history":[{"count":2,"href":"https:\/\/www.lemie5lire.com\/index.php?rest_route=\/wp\/v2\/pages\/47554\/revisions"}],"predecessor-version":[{"id":47561,"href":"https:\/\/www.lemie5lire.com\/index.php?rest_route=\/wp\/v2\/pages\/47554\/revisions\/47561"}],"up":[{"embeddable":true,"href":"https:\/\/www.lemie5lire.com\/index.php?rest_route=\/wp\/v2\/pages\/47356"}],"wp:attachment":[{"href":"https:\/\/www.lemie5lire.com\/index.php?rest_route=%2Fwp%2Fv2%2Fmedia&parent=47554"}],"curies":[{"name":"wp","href":"https:\/\/api.w.org\/{rel}","templated":true}]}}