{"id":284,"date":"2009-09-09T21:29:20","date_gmt":"2009-09-09T20:29:20","guid":{"rendered":"http:\/\/www.jaconet.org\/?page_id=284"},"modified":"2024-10-06T15:55:14","modified_gmt":"2024-10-06T14:55:14","slug":"terra","status":"publish","type":"page","link":"https:\/\/www.lemie5lire.com\/?page_id=284","title":{"rendered":"Terra!"},"content":{"rendered":"<p style=\"text-align: justify;\"><a id='wpaudio-69d9851374bc1' class='wpaudio' href='https:\/\/www.lemie5lire.com\/wp-content\/2008\/09\/Falling_Rain_smooth_ja.mp3'>Chris Mason battery group - Falling Rain <\/a><\/p>\n<p style=\"text-align: justify;\">La bufera si era esaurita e tutto l&#8217;equipaggio si mise al lavoro per rimettere la nave in condizione di navigare nel minor tempo possibile. Le vele danneggiate furono sostituite o riparate mentre la navigazione procedeva grazie al motore.<\/p>\n<p style=\"text-align: justify;\">Si sa che le avversit\u00e0 consentono di creare o rinforzare i legami tra coloro che le condividono e cos\u00ec accadde anche per la donna. Ormai, ed erano trascorsi solo pochi giorni, era diventata quasi un membro dell&#8217;equipaggio; persino il nostromo era riuscito a dirle che non aveva mai realmente pensato che le donne a bordo portino sventura e si era anche scusato di aver fatto una simile affermazione.<\/p>\n<p style=\"text-align: justify;\">Aveva ancora la medicazione sul capo e questo la faceva apparire fragile e la ciurma si prodigava per aiutarla, evitarle le fatiche e rendersi utili a lei per qualunque cosa. Aveva fatto amicizia con l&#8217;infermiere col quale trascorreva volentieri un po&#8217; di tempo quando lui andava a controllare la ferita e cambiarle la medicazione.Frequentando i marinai, Anihsa cominciava a sospettare che non si trattasse di pirati. Si capiva che avevano un codice d&#8217;onore molto preciso e che trovassero la forza per superare fatiche, come quelle causate dalla bufera, in un ideale comune.<\/p>\n<p style=\"text-align: justify;\">El Morro osservava quello che accadeva in modo all&#8217;appetenza distaccato, in realt\u00e0 si sentiva profondamente in colpa per quello che aveva fatto: strappare quella donna dalla sua solitaria vacanza e portarla prigioniera sulla sua nave. Ma sebbene si dispiacesse di ci\u00f2, rimaneva convinto che in realt\u00e0 fosse stata quella donna a volerlo. Per questa ragione cercava di ridurre al minimo le occasioni di incontro con lei. Quando per\u00f2 Anihsa le si fece incontro in modo deciso non pot\u00e9 defilarsi.<\/p>\n<p style=\"text-align: justify;\">&#8220;Senti Morro&#8221;, inizi\u00f2 risoluta, &#8220;voglio parlare con te. Ho alcune domande da farti, non ultima quella sulle tue intenzioni nei miei confronti.&#8221;<\/p>\n<p style=\"text-align: justify;\">&#8220;Bene&#8221;, le rispose pacatamente, &#8220;questa sera a cena.&#8221; Fece questa affermazione fissandola negli occhi con tale intensit\u00e0 che lei rimase del tutto senza parole per cui si volt\u00f2 e se ne and\u00f2 rapidamente.<\/p>\n<p style=\"text-align: justify;\">All&#8217;ora di cena Anihsa buss\u00f2 alla porta della cabina del comandante che la fece entrare con cortesia. La fece accomodare e scherz\u00f2: &#8220;Il cuoco \u00e8 a riposo oggi: pasto freddo e birra!&#8221;. Anihsa sorrise e questo stemper\u00f2 un po&#8217; la tensione che c&#8217;era tra i due.<\/p>\n<p style=\"text-align: justify;\">Fu El Morro ad iniziare a parlare. &#8220;Prima che tu inizi a farmi le tante domande che hai detto di avere, devo dirti io alcune cose. La pi\u00f9 importante \u00e8 che sono profondamente dispiaciuto per averti rapita e che appena arriveremo sull&#8217;isola organizzer\u00f2 le cose perch\u00e9 tu possa essere portata al pi\u00f9 presto possibile dove desideri. E su questo non ci sono discussioni.&#8221; La donna lo osservava in silenzio mentre parlava, notando che per la prima volta sembrava che il pirata fosse in imbarazzo e che reggesse la situazione con qualche difficolt\u00e0.<\/p>\n<p style=\"text-align: justify;\">&#8220;Voglio anche spiegarti&#8221;, continu\u00f2, &#8220;il perch\u00e9 del rapimento. Quando ti ho vista, nella penombra in quella stanza d&#8217;albergo di Boavista, ho visto nei tuoi occhi la stessa luce che brillava in quelli di una donna che \u00e8 stata unica nella mia vita. Questa \u00e8 stata la ragione, insieme a quel tuo &#8216;non avrai mai il coraggio di&#8230;'&#8221;<\/p>\n<p style=\"text-align: justify;\">Anihsa lo interruppe, voleva essere certa di capire quello che le stava dicendo: &#8220;Aspetta, \u00e8 vero: ti ho provocato e l&#8217;ho fatto consapevolmente, quindi assumiti pure tutte le responsabilit\u00e0 che vuoi, ma non le mie.&#8221; Fece una pausa, poi si fece coraggio e disse: &#8220;La donna di cui parli&#8230; ne parli come se non ci fosse pi\u00f9. Ho visto qui fuori una foto nella quale ci sei tu con accanto una ragazza, stai parlando di lei, vero?&#8221;<\/p>\n<p style=\"text-align: justify;\">&#8220;Si&#8221;, disse con commozione, &#8220;sto parlando di lei. Ed hai ragione, non c&#8217;\u00e8 pi\u00f9. Quella foto e l&#8217;ultima immagine che mi rimane di lei e se ora sono quello che sono, lo devo quasi esclusivamente a lei. Si chiamava Marisol e mor\u00ec pochi giorni dopo che fu scattata quella foto.&#8221;. El Morro cerc\u00f2 di mandare gi\u00f9 il groppo che aveva in gola con una bella sorsata di birra, ma la cosa gli riusc\u00ec solo in parte.<\/p>\n<p style=\"text-align: justify;\">Anihsa approffit\u00f2 della pausa per chiedere: &#8220;Eravate sposati da molto?&#8221;. Non appena pronunci\u00f2 queste parole, anche per il tono della voce con la quale le uscirono, si sent\u00ec profondamente sciocca ed imbarazzata: avrebbe voluto non averle mai dette.<\/p>\n<p style=\"text-align: justify;\">El Morro quasi si soffoc\u00f2 con la birra che stava bevendo e dopo aver tossito intensamente, ridendo disse: &#8220;Ah, voi donne siete speciali per fare queste gaffe. No, non eravamo sposati. Era mia sorella maggiore! Su, brindiamo alla sua salute!&#8221;<\/p>\n<p style=\"text-align: justify;\">La sfortunata uscita della donna ebbe il merito di rendere l&#8217;atmosfera molto pi\u00f9 amichevole, il che giov\u00f2 alla conversazione.<\/p>\n<p style=\"text-align: justify;\">&#8220;Forza, spara le tue domande.&#8221;<\/p>\n<p style=\"text-align: justify;\">Anihsa si fece coraggio e cominci\u00f2: &#8220;Alla prima, sulle tue intenzioni, hai gi\u00e0 risposto tu. Vorrei sapere dove siamo e dove diretti, quanto tempo impiegheremo per arrivare a destinazione&#8221;. Era chiaro che lei aveva in mente ben altre domande e che stava cercando il coraggio per porgergliele.<\/p>\n<p style=\"text-align: justify;\">&#8220;Siamo sull&#8217;oceano atlantico, nord atlantico, e siamo diretti verso i caraibi, precisamente verso un isola che si chiama Virgin Gorda nelle Isole Vergini Britanniche. L\u00ec abitano le famiglie dell&#8217;equipaggio ed \u00e8 la nostra base. Ti starai chiedendo come fanno dei pirati ad avere una base&#8230; Il fatto \u00e8 che noi non siamo pirati. Ufficialmente trasportiamo prodotti agricoli &#8220;biologici&#8221;, seguendo le rotte tradizionali che percorsero secoli fa Colombo, Vespucci e per quanto possibile usando esclusivamente energia rinnovabile . Per questo non abbiamo bisogno di nasconderci.&#8221;<\/p>\n<p style=\"text-align: justify;\">&#8220;Ma ho visto armi qui nella tua cabina&#8221;. Lo interruppe la donna dimostrandosi particolarmente interessata ai racconti del comandante.<\/p>\n<p style=\"text-align: justify;\">&#8220;Certo! Quando vai per mare non sai mai chi puoi incontrare, i pirati esistono veramente ma non sono come quelli raccontati nei romanzi d&#8217;amore. Non guardano in faccia nessuno, pur di impadronirsi della nave ed ottenere un riscatto, sono disposti a qualunque bassezza e crudelt\u00e0. E poi abbiamo anche un&#8217;altra attivit\u00e0. Di questo per\u00f2 non posso parlartene, una volta che tu ne fossi a conoscenza, non potresti pi\u00f9 lasciarci. Questa \u00e8 la regola e non pu\u00f2 ammettere eccezioni. Ne va della sicurezza di tutti&#8221;.<\/p>\n<p style=\"text-align: justify;\">Trascorsero il tempo mangiando, con Anihsa intenta ad ascoltare la descrizione che l&#8217;uomo le faceva dell&#8217;isola, del villaggio dove vivevano insieme. Le loro famiglie si dedicavano alla produzione con metodi biologici di vari prodotti alimentari, allevavano bovini ed ovini lasciandoli liberi di pascolare e riconducendoli nelle stalle solo per la notte. Erano autosufficienti dal punto di vista energetico grazie a centrali eoliche e ad alcune installazioni di pannelli fotovoltaici.<\/p>\n<p style=\"text-align: justify;\">El Morro appariva illuminato in volto mentre le raccontava queste cose ed era chiaro che fosse estremamente orgoglioso di essere parte di quella realt\u00e0.<\/p>\n<p style=\"text-align: justify;\">Poi venne la volta delle sue domande: &#8220;Posso chiederti che ci facevi da sola in quell&#8217;albergo?&#8221;.<\/p>\n<p style=\"text-align: justify;\">Anihsa sospir\u00f2 prima di rispondere. &#8220;La mia vita non \u00e8 stata rose e fiori, lungo la mia strada ho sempre incontrato le persone sbagliate. E cos\u00ec mi sono ritrovata sola e, dopo l&#8217;ultima delusione, avevo deciso di prendermi una pausa dal mio mondo, trascorrendo un po&#8217; di tempo con me stessa per cercare di raccogliere le forze e ricominciare.&#8221;<\/p>\n<p style=\"text-align: justify;\">&#8220;Possibile, Anihsa? Non ti conosco bene, ma direi che meriteresti di pi\u00f9 di quello che hai avuto&#8221;<\/p>\n<p style=\"text-align: justify;\">&#8220;Evidentemente non sono abbastanza meritevole!&#8221; Disse con sarcasmo &#8220;E poi, comunque, non mi chiamo Anihsa. Dato che la mia vita \u00e8 tutta il contrario di quello che mi aspettavo, ti ho detto il mio nome alla rovescia. Stupido, vero? Mi chiamo Ashina. O meglio questo \u00e8 il nome che mi \u00e8 stato dato un giorno e siccome mi \u00e8 piaciuto me lo sono tenuto. D&#8217;altra parte, nemmeno tu ti chiami El Morro o Morro o quel cavolo che \u00e8!&#8221;<\/p>\n<p style=\"text-align: justify;\">&#8220;Certo, certo.&#8221; Rispose rapido El Morro, prima che la donna si scaldasse ulteriormente. &#8220;Ognuno ha il diritto di darsi il nome che preferisce. Ma mi avevi accennato che riguardava un&#8217;osteria o una taverna&#8230;&#8221;.<\/p>\n<p style=\"text-align: justify;\">&#8220;Si&#8221;, tagli\u00f2 corto lei , &#8220;\u00e8 vero, ma non sono ancora pronta per affrontare con te certi ricordi.&#8221;<\/p>\n<p style=\"text-align: justify;\">Il loro dialogo fu interrotto dalle grida del marinaio di guardia: &#8220;Terra! Terra!&#8221;<\/p>\n<p style=\"text-align: justify;\">La nave era ben equipaggiata con strumentazione di navigazione moderna, ma la loro filosofia era quella di cercare di usarla il meno possibile. E poi, sentire quel grido scaldava sempre gli animi e dava gioia, gratificando, almeno in parte, le fatiche del viaggio.<\/p>\n<p style=\"text-align: justify;\">Uscirono in coperta e scorsero in lontananza, nel buio della notte, le luci di una citt\u00e0.<\/p>\n<p style=\"text-align: justify;\">&#8220;Quella \u00e8 Virgin Gorda?&#8221;, chiese Ashina. El Morro, con un sorriso le disse: &#8220;No, arriveremo a destinazione domani pomeriggio. Quella \u00e8 Anguilla.&#8221;<\/p>\n<p style=\"text-align: justify;\">Restarono ancora un po&#8217; l\u00ec a godere di qulle piccole luci e dell&#8217;aria fresca. Poi Ashina salut\u00f2 ed and\u00f2 a coricarsi lasciando El Morro al suo turno di guardia.<\/p>\n<div class=\"pdfprnt-buttons pdfprnt-buttons-page pdfprnt-bottom-right\"><a href=\"https:\/\/www.lemie5lire.com\/index.php?rest_route=wpv2pages284&print=pdf\" class=\"pdfprnt-button pdfprnt-button-pdf\" target=\"_blank\"><\/a><a href=\"https:\/\/www.lemie5lire.com\/index.php?rest_route=wpv2pages284&print=print\" class=\"pdfprnt-button pdfprnt-button-print\" target=\"_blank\"><img decoding=\"async\" src=\"https:\/\/www.lemie5lire.com\/wp-content\/plugins\/pdf-print\/images\/print.png\" alt=\"image_print\" title=\"Stampa contenuto\" \/><\/a><\/div>","protected":false},"excerpt":{"rendered":"<p>La bufera si era esaurita e tutto l&#8217;equipaggio si mise al lavoro per rimettere la nave in condizione di navigare nel minor tempo possibile. Le vele danneggiate furono sostituite o riparate mentre la navigazione procedeva grazie al motore. Si sa che le avversit\u00e0 consentono di creare o rinforzare i legami tra coloro che le condividono &hellip;<\/p>\n","protected":false},"author":1,"featured_media":0,"parent":270,"menu_order":7,"comment_status":"closed","ping_status":"closed","template":"","meta":{"ghostkit_customizer_options":"","ghostkit_custom_css":"","ghostkit_custom_js_head":"","ghostkit_custom_js_foot":"","ghostkit_typography":"","iawp_total_views":0,"footnotes":""},"class_list":["post-284","page","type-page","status-publish","hentry"],"_links":{"self":[{"href":"https:\/\/www.lemie5lire.com\/index.php?rest_route=\/wp\/v2\/pages\/284","targetHints":{"allow":["GET"]}}],"collection":[{"href":"https:\/\/www.lemie5lire.com\/index.php?rest_route=\/wp\/v2\/pages"}],"about":[{"href":"https:\/\/www.lemie5lire.com\/index.php?rest_route=\/wp\/v2\/types\/page"}],"author":[{"embeddable":true,"href":"https:\/\/www.lemie5lire.com\/index.php?rest_route=\/wp\/v2\/users\/1"}],"replies":[{"embeddable":true,"href":"https:\/\/www.lemie5lire.com\/index.php?rest_route=%2Fwp%2Fv2%2Fcomments&post=284"}],"version-history":[{"count":5,"href":"https:\/\/www.lemie5lire.com\/index.php?rest_route=\/wp\/v2\/pages\/284\/revisions"}],"predecessor-version":[{"id":47219,"href":"https:\/\/www.lemie5lire.com\/index.php?rest_route=\/wp\/v2\/pages\/284\/revisions\/47219"}],"up":[{"embeddable":true,"href":"https:\/\/www.lemie5lire.com\/index.php?rest_route=\/wp\/v2\/pages\/270"}],"wp:attachment":[{"href":"https:\/\/www.lemie5lire.com\/index.php?rest_route=%2Fwp%2Fv2%2Fmedia&parent=284"}],"curies":[{"name":"wp","href":"https:\/\/api.w.org\/{rel}","templated":true}]}}