{"id":278,"date":"2009-09-04T21:25:56","date_gmt":"2009-09-04T20:25:56","guid":{"rendered":"http:\/\/www.jaconet.org\/?page_id=278"},"modified":"2025-02-24T22:10:45","modified_gmt":"2025-02-24T21:10:45","slug":"la-cena","status":"publish","type":"page","link":"https:\/\/www.lemie5lire.com\/?page_id=278","title":{"rendered":"La cena"},"content":{"rendered":"<p style=\"text-align: justify;\"><a id='wpaudio-69d9857b96600' class='wpaudio' href='https:\/\/www.lemie5lire.com\/wp-content\/2009\/09\/Slowboat_To_China.mp3'>Charlie Parker - Slow boat to China<\/a><\/p>\n<p style=\"text-align: justify;\">Anihsa apr\u00ec l&#8217;armadio per vedere se c&#8217;erno veramente i suoi abiti come le aveva detto il pirata. Con sorpresa trov\u00f2 effettivamente le sue cose riposte in modo ordinato. Non aveva avuto ancora modo di conoscere tutto l&#8217;equipaggio, ma si sentiva di escludere che qualcuno di quei marinai avesse potuto mettere un mazzetto di lavanda secca fra gli indumenti. Sembrava che fosse stata la mano di una donna a sistemare le sue cose e questo le sembr\u00f2 alquanto strano.<\/p>\n<p style=\"text-align: justify;\">Scelse una maglietta ed un paio di jeans che pos\u00f2 con cura sul letto. Poi, si diresse verso il bagno dove, inaspettatamente, trov\u00f2 anche una doccia. Questo proprio le sembrava strano poi riflett\u00e9 sul fatto che probabilmente si era fatta un&#8217;idea del tutto sbagliata sui pirati. Una bella doccia era proprio quello di cui aveva pi\u00f9 bisogno in quel momento.<\/p>\n<p style=\"text-align: justify;\">Tornando nella sua cabina, avvolta in un grande asciugamano bianco, si accorse che il corridoio era tappezzato di immagini di posti meravigliosi: atolli con spiagge bianchissime, cascate che sgorgavano all&#8217;interno di foreste lussureggianti, persino un iceberg con una famiglia di orsi polari. C&#8217;erano anche dei quadri, non sapeva chi fosse l&#8217;autore ma era certa di averli visti su qualche libro o giornale e si sentiva certa che quelli dovevano essere gli originali. Come faceva un barbaro, un assassino come El Marro ad apprezzare l&#8217;arte?<\/p>\n<p><a style=\"text-align: justify;\" href=\"https:\/\/www.lemie5lire.com\/wp-content\/2025\/02\/Gemini_Generated_Image_tf4btotf4btotf4b.jpeg\"><img loading=\"lazy\" decoding=\"async\" class=\"wp-image-47474  alignright\" src=\"https:\/\/www.lemie5lire.com\/wp-content\/2025\/02\/Gemini_Generated_Image_tf4btotf4btotf4b-300x300.jpeg\" alt=\"\" width=\"418\" height=\"418\" srcset=\"https:\/\/www.lemie5lire.com\/wp-content\/2025\/02\/Gemini_Generated_Image_tf4btotf4btotf4b-300x300.jpeg 300w, https:\/\/www.lemie5lire.com\/wp-content\/2025\/02\/Gemini_Generated_Image_tf4btotf4btotf4b-1024x1024.jpeg 1024w, https:\/\/www.lemie5lire.com\/wp-content\/2025\/02\/Gemini_Generated_Image_tf4btotf4btotf4b-150x150.jpeg 150w, https:\/\/www.lemie5lire.com\/wp-content\/2025\/02\/Gemini_Generated_Image_tf4btotf4btotf4b-768x768.jpeg 768w, https:\/\/www.lemie5lire.com\/wp-content\/2025\/02\/Gemini_Generated_Image_tf4btotf4btotf4b-1536x1536.jpeg 1536w, https:\/\/www.lemie5lire.com\/wp-content\/2025\/02\/Gemini_Generated_Image_tf4btotf4btotf4b.jpeg 2048w\" sizes=\"auto, (max-width: 418px) 100vw, 418px\" \/><\/a><\/p>\n<p style=\"text-align: justify;\">Continuando a percorrere il corridoio, trov\u00f2 alcune foto che ritraevano El Morro alla guida di uomini e donne, indigeni di un qualche sconosciuto paese, nel combattimento contro una moltitudine di soldati molto pi\u00f9 organizzati e meglio armati. Una piccola didascalia recitava &#8220;Battaglia di Concunuba 1&#8230;&#8221; il resto dell&#8217;indicazione era stato rosicchiato dal tempo. La colp\u00ec una delle donne, era molto bella ed invece di guardare in faccia il nemico sembrava intenta ad osservare compiaciuta il pirata.<\/p>\n<p><span style=\"text-align: justify; font-size: 1.8rem;\">Entr\u00f2 nella cabina ed indoss\u00f2 gli abiti che si era preparata poi cerc\u00f2 uno specchio per vedere il risultato ma, come atteso, non trov\u00f2 nulla. Si sistem\u00f2 meglio i pantaloni, si spazzol\u00f2 velocemente i capelli. Pronta. In quell&#8217;istante bussarono all&#8217;uscio e la voce del suo rapitore sbrait\u00f2: &#8220;La cena \u00e8 pronta!&#8221;. Pur potendo uscire immediatamente, maliziosamente, si diresse verso l&#8217;obl\u00f2 e constat\u00f2 che il mare tinto di rosso dal sole ormai prossimo al tramonto era una vista fantastica. Poi fece trascorrere ancora un po&#8217; di tempo, preparandosi il letto, e girovagano per la cabina, finch\u00e8 sent\u00ec battere impazientemente sulla parete che divideva la sua cabina da quella <\/span><span style=\"text-align: justify; font-size: 1.8rem;\">di El Morro. Ecco, ora poteva andare.<\/span><\/p>\n<p style=\"text-align: justify;\">Buss\u00f2 alla porta della cabina del comandante ed entr\u00f2 senza attendere risposta con piglio battagliero, ma si blocc\u00f2 quasi subito. Si aspettava di trovare qualcosa di diverso. La stanza era illuminata dalla luce rossa del tramonto e dalla tenue luce di un abat-jour posto in un angolo della cabina. Sul tavolo, e di questo ne rimase quasi sconvolta, c&#8217;era anche una bottiglietta con dei piccoli fiori oltre ai piatti in legno, le posate, bicchieri in terracotta ed una bottiglia di vino che, a giudicare dallo stato, doveva avere parecchi anni.<\/p>\n<p style=\"text-align: justify;\">L&#8217;uomo le and\u00f2 incontro e sorridendo le disse &#8220;Buonasera Anihsa, benvenuta a bordo, accomodati.&#8221; E con galanteria le accost\u00f2 la sedia. Si era dato una bella ripulita, not\u00f2 la donna che poi lo scrut\u00f2 con attenzione come solo le donne sanno fare. Osserv\u00f2 l&#8217;ampia camicia bianca di cotone con colletto, pulita ma non stirata. Sui jeans che indossava, niente da dire: ecco qualcosa che avevano in comune. L&#8217;unica cosa.<\/p>\n<p style=\"text-align: justify;\"><a id='wpaudio-69d9857b96627' class='wpaudio' href='https:\/\/www.lemie5lire.com\/wp-content\/2009\/09\/Misty.mp3'>Patrick J. Murphy - Misty<\/a><\/p>\n<p style=\"text-align: justify;\">&#8220;Questo vino&#8221;, disse il pirata mentre iniziava a mescerlo, &#8220;attendeva un&#8217;occasione speciale da quasi trent&#8217;anni. Questa bottiglia mi fu regalata da una persona cara che a sua volta l&#8217;aveva ricevuta da suo padre. Pensavo che non l&#8217;avrei mai aperta ed oggi mi \u00e8 capitata tra le mani. Forse un segno del destino. Salute!&#8221;.<\/p>\n<p style=\"text-align: justify;\">El Morro, fiut\u00f2 ad occhi chiusi il vino facendolo roteare nel bicchiere, poi ne assapor\u00f2 gli aromi facendolo scorrere lentamente. Era evidente che a ciascuno dei profumi e dei sapori stava associando dei ricordi che il suo viso tradiva essere tristi. Rest\u00f2 cos\u00ec, immobile e ad occhi chiusi per alcuni secondi poi ritorn\u00f2 al mondo con un sospiro profondo e riacquistando l&#8217;espressione serena che aveva avuto al momento del brindisi.<\/p>\n<p style=\"text-align: justify;\">&#8220;Bene, come detto il men\u00f9 \u00e8 fisso. &#8221; Anihsa si rese conto di quanto diverso fosse il tono di quell&#8217;affermazione da come l&#8217;aveva sentita poche ore prima dallo stesso uomo. &#8220;Il men\u00f9 \u00e8 fisso e la cena l&#8217;ho preparata personalmente. Di fronte alla porta di questa cabina c&#8217;\u00e8 una piccola cucina. Un posto dove ho esclusivo accesso. Cucinare non solo mi piace, ma mi permette di rilassarmi e recuperare le energie e con la vita che faccio, credimi, poterlo fare \u00e8 notevole. Bench\u00e9 questo vino sia rosso, contrariamente ai luoghi comuni, si sposer\u00e0 perfettamente con la cena&#8221;.<\/p>\n<p style=\"text-align: justify;\">Si era dato molto da fare, e ad ogni portata si compiaceva se la donna apprezzava il risultato. Mangiarono code di gamberi profumate al basilico, polpi ai pomodori secchi, zuppa fredda di cetrioli ed aringhe affumicate, pesce spada marinato allo zenzero. Mangiarono e chiacchierarono del pi\u00f9 e del meno. Fuori si era fatto buio e la lampada non era sufficiente cos\u00ec El Morro aveva acceso un moncone di candela. La luce traballante rifletteva scintillante nei loro occhi e rendeva particolarmente sensuale ed affascinante la donna e l&#8217;uomo non pot\u00e9 fare a meno di accorgersene soffermatosi in silenzio od osservare prima gli occhi e poi le labbra. Fu un attimo, ma lungo abbastanza per consentire ad Anihsa di constatare come la stessa candela rendeva ancora pi\u00f9 intrigante quell&#8217;uomo. Ed anche abbastanza lungo da imbarazzare i due che, simultaneamente, si ritrassero.<\/p>\n<p style=\"text-align: justify;\">&#8220;Si \u00e8 fatto tardi, tra poco dovr\u00f2 iniziare il mio turno di guardia. Ma prima di lasciarci, vorrei che tu mi raccontassi del tuo nome.&#8221;<\/p>\n<p style=\"text-align: justify;\">&#8220;Non \u00e8 il mio vero nome.&#8221;, disse &#8220;E&#8217; una storia che risale a molti anni fa. Una taverna, due amici&#8230; Non mi va, per\u00f2, di raccontartela ora. In fin dei conti dovrei avercela a morte con te, visto che poche ore fa me ne stavo tranquilla a casa mia ed ora sono qui, rapita da un bandito e sua prigioniera&#8221;.<\/p>\n<p style=\"text-align: justify;\">&#8220;Avresti dovuto ascoltarmi, accettare le mie condizioni invece di provocarmi con un &#8216;non avrai mai il coraggio di portarmi via&#8217; . Noi ri&#8230; noi pirati siamo molto permalosi. Non mi hai dato altra scelta&#8221; Disse con tono molto fermo ed aggiunse, dopo essersi calmato &#8220;Comunque capisco il tuo stato d&#8217;animo. Ne riparleremo un&#8217;altra volta. Il viaggio \u00e8 lungo, come ho avuto occasione di dirti. Ed ora, devo proprio andare.&#8221;<\/p>\n<p style=\"text-align: justify;\">Anihsa si alz\u00f2, quasi di scatto e prima di girarsi per uscire dalla cabina osserv\u00f2 che anch&#8217;egli era a piedi nudi. Si diresse verso la porta la apr\u00ec e, senza voltarsi, salut\u00f2 mentre El Morro la segu\u00ec fino alla soglia e li si ferm\u00f2 scortandola con lo sguardo fino alla sua cabina. Prima di entrare, lei si volt\u00f2 indietro ed incroci\u00f2 lo sguardo dell&#8217;uomo per un breve istante sufficiente a far provare un brivido ad entrambi. Poi le porte si richiusero.<\/p>\n<p style=\"text-align: justify;\"><a id='wpaudio-69d9857b96643' class='wpaudio' href='https:\/\/www.lemie5lire.com\/wp-content\/2009\/09\/13-I-Fall-In-Love-Too-Easily.mp3'>Chet Baker - I Fall In Love Too Easily<\/a><\/p>\n<p style=\"text-align: justify;\"><a href=\"https:\/\/www.lemie5lire.com\/wp-content\/2025\/02\/El-Morro-ponte.jpeg\"><img loading=\"lazy\" decoding=\"async\" class=\"wp-image-47459 alignleft\" src=\"https:\/\/www.lemie5lire.com\/wp-content\/2025\/02\/El-Morro-ponte-300x300.jpeg\" alt=\"\" width=\"288\" height=\"288\" srcset=\"https:\/\/www.lemie5lire.com\/wp-content\/2025\/02\/El-Morro-ponte-300x300.jpeg 300w, https:\/\/www.lemie5lire.com\/wp-content\/2025\/02\/El-Morro-ponte-1024x1024.jpeg 1024w, https:\/\/www.lemie5lire.com\/wp-content\/2025\/02\/El-Morro-ponte-150x150.jpeg 150w, https:\/\/www.lemie5lire.com\/wp-content\/2025\/02\/El-Morro-ponte-768x768.jpeg 768w, https:\/\/www.lemie5lire.com\/wp-content\/2025\/02\/El-Morro-ponte-1536x1536.jpeg 1536w, https:\/\/www.lemie5lire.com\/wp-content\/2025\/02\/El-Morro-ponte.jpeg 2048w\" sizes=\"auto, (max-width: 288px) 100vw, 288px\" \/><\/a>El Morro rimase alcuni istanti con la mano sulla porta a ripensare alla serata. Poi indoss\u00f2 un paio di stivali e si diresse in coperta per il suo turno di guardia. Quasi sempre riservava per s\u00e8 quel turno, perch\u00e9 amava osservare le stelle ed il mare di notte. Ma anche perch\u00e9 pensava che un capo per prima cosa deve dare l&#8217;esempio per guadagnarsi il rispetto dei suoi uomini e l&#8217;autorevolezza necessaria a comandare senza troppi problemi una simile ciurma.<\/p>\n<p style=\"text-align: justify;\">Fece un giro di ricognizione e poi and\u00f2 a sistemarsi sul ponte di comando esterno. Complice la stagione estiva, il tempo buono ed il vento favorevole, la navigazione notturna era alquanto piacevole. Aveva imparato a riconoscere le stelle e a determinare con buona aprossimazione la posizione della nave anche senza consultare strumenti. &#8220;Se le condizioni restano queste&#8221; si disse &#8220;in quindici giorni saremo a destinazione e senza consumare nemmeno un litro di gasolio per la navigazione&#8221;.<\/p>\n<p style=\"text-align: justify;\">Questa considerazione gli consent\u00ec di rilassarsi, respir\u00f2 a pieni polmoni per assaporare appieno il profumo del mare, ma quello che sent\u00ec era un&#8217;altro profumo. Era quello della sua prigioniera. Si volt\u00f2 di scatto pensando di vederla alle sua spalle, ma non c&#8217;era nessuno. Si rese conto di come l&#8217;immaginazione giochi spesso brutti scherzi.<\/p>\n<p style=\"text-align: justify;\">Pass\u00f2 il suo turno di guardia tentando di rivolgere i suoi pensieri altrove, ma le immagini della cena si r<a href=\"https:\/\/www.lemie5lire.com\/wp-content\/2025\/02\/Gemini_Generated_Image_c3ahplc3ahplc3ah.jpeg\"><img loading=\"lazy\" decoding=\"async\" class=\"wp-image-47472 alignright\" src=\"https:\/\/www.lemie5lire.com\/wp-content\/2025\/02\/Gemini_Generated_Image_c3ahplc3ahplc3ah-300x300.jpeg\" alt=\"\" width=\"398\" height=\"398\" srcset=\"https:\/\/www.lemie5lire.com\/wp-content\/2025\/02\/Gemini_Generated_Image_c3ahplc3ahplc3ah-300x300.jpeg 300w, https:\/\/www.lemie5lire.com\/wp-content\/2025\/02\/Gemini_Generated_Image_c3ahplc3ahplc3ah-1024x1024.jpeg 1024w, https:\/\/www.lemie5lire.com\/wp-content\/2025\/02\/Gemini_Generated_Image_c3ahplc3ahplc3ah-150x150.jpeg 150w, https:\/\/www.lemie5lire.com\/wp-content\/2025\/02\/Gemini_Generated_Image_c3ahplc3ahplc3ah-768x768.jpeg 768w, https:\/\/www.lemie5lire.com\/wp-content\/2025\/02\/Gemini_Generated_Image_c3ahplc3ahplc3ah-1536x1536.jpeg 1536w, https:\/\/www.lemie5lire.com\/wp-content\/2025\/02\/Gemini_Generated_Image_c3ahplc3ahplc3ah.jpeg 2048w\" sizes=\"auto, (max-width: 398px) 100vw, 398px\" \/><\/a>ipresentavano in continuazione. Rivedeva gli occhi della donna, le sue labbra, i suoi capelli. Ricordava perfettamente la forma delle sue mani.<\/p>\n<p style=\"text-align: justify;\">Nel frattempo, nella sua cabina, Anihsa se ne stava seduta sul letto ripensando alla sua giornata a com&#8217;era iniziata e, soprattutto, a come si era conclusa. Aveva provato a coricarsi, ma dopo essersi rivoltata lungamente nel letto, aveva desistito. Meglio assecondare certi pensieri, piuttosto che tentare di respingerli.<\/p>\n<p style=\"text-align: justify;\">Voleva odiarlo, ma non riusciva a farlo per pi\u00f9 di qualche secondo, poi si scopriva a sorridere al ricordo di qualche particolare della cena. Avrebbe potuto dire quanti fossero i bottoni della camicia, descrivere accuratamente la mano che teneva il bicchiere mentre El Morro assaporava il vino. E cos\u00ec passava il tempo: si alzava dal letto ogni volta che si forzava a provare odio per il suo rapitore e poi si lasciava mollemente cadere su di esso quando le tornavano alla mente i ricordi della cena.<\/p>\n<p style=\"text-align: justify;\">Erano le tre del mattino quando sent\u00ec El Morro rientrare nella sua cabina dopo la guardia. Finalmente, entrambi, riuscirono a prende sonno.<\/p>\n<p style=\"text-align: justify;\"><a title=\"Bufera\" href=\"https:\/\/www.lemie5lire.com\/?page_id=282\">Continua<\/a><\/p>\n<p style=\"text-align: justify;\">\n<div class=\"pdfprnt-buttons pdfprnt-buttons-page pdfprnt-bottom-right\"><a href=\"https:\/\/www.lemie5lire.com\/index.php?rest_route=wpv2pages278&print=pdf\" class=\"pdfprnt-button pdfprnt-button-pdf\" target=\"_blank\"><\/a><a href=\"https:\/\/www.lemie5lire.com\/index.php?rest_route=wpv2pages278&print=print\" class=\"pdfprnt-button pdfprnt-button-print\" target=\"_blank\"><img decoding=\"async\" src=\"https:\/\/www.lemie5lire.com\/wp-content\/plugins\/pdf-print\/images\/print.png\" alt=\"image_print\" title=\"Stampa contenuto\" \/><\/a><\/div>","protected":false},"excerpt":{"rendered":"<p>Anihsa apr\u00ec l&#8217;armadio per vedere se c&#8217;erno veramente i suoi abiti come le aveva detto il pirata. Con sorpresa trov\u00f2 effettivamente le sue cose riposte in modo ordinato. Non aveva avuto ancora modo di conoscere tutto l&#8217;equipaggio, ma si sentiva di escludere che qualcuno di quei marinai avesse potuto mettere un mazzetto di lavanda secca &hellip;<\/p>\n","protected":false},"author":1,"featured_media":0,"parent":270,"menu_order":2,"comment_status":"closed","ping_status":"closed","template":"","meta":{"ghostkit_customizer_options":"","ghostkit_custom_css":"","ghostkit_custom_js_head":"","ghostkit_custom_js_foot":"","ghostkit_typography":"","iawp_total_views":0,"footnotes":""},"class_list":["post-278","page","type-page","status-publish","hentry"],"_links":{"self":[{"href":"https:\/\/www.lemie5lire.com\/index.php?rest_route=\/wp\/v2\/pages\/278","targetHints":{"allow":["GET"]}}],"collection":[{"href":"https:\/\/www.lemie5lire.com\/index.php?rest_route=\/wp\/v2\/pages"}],"about":[{"href":"https:\/\/www.lemie5lire.com\/index.php?rest_route=\/wp\/v2\/types\/page"}],"author":[{"embeddable":true,"href":"https:\/\/www.lemie5lire.com\/index.php?rest_route=\/wp\/v2\/users\/1"}],"replies":[{"embeddable":true,"href":"https:\/\/www.lemie5lire.com\/index.php?rest_route=%2Fwp%2Fv2%2Fcomments&post=278"}],"version-history":[{"count":21,"href":"https:\/\/www.lemie5lire.com\/index.php?rest_route=\/wp\/v2\/pages\/278\/revisions"}],"predecessor-version":[{"id":47475,"href":"https:\/\/www.lemie5lire.com\/index.php?rest_route=\/wp\/v2\/pages\/278\/revisions\/47475"}],"up":[{"embeddable":true,"href":"https:\/\/www.lemie5lire.com\/index.php?rest_route=\/wp\/v2\/pages\/270"}],"wp:attachment":[{"href":"https:\/\/www.lemie5lire.com\/index.php?rest_route=%2Fwp%2Fv2%2Fmedia&parent=278"}],"curies":[{"name":"wp","href":"https:\/\/api.w.org\/{rel}","templated":true}]}}