{"id":270,"date":"2009-09-01T21:17:38","date_gmt":"2009-09-01T20:17:38","guid":{"rendered":"http:\/\/www.jaconet.org\/?page_id=270"},"modified":"2025-02-24T16:10:30","modified_gmt":"2025-02-24T15:10:30","slug":"ritorno-a-virgin-gorda","status":"publish","type":"page","link":"https:\/\/www.lemie5lire.com\/?page_id=270","title":{"rendered":"Virgin Gorda"},"content":{"rendered":"<figure style=\"width: 700px\" class=\"wp-caption alignnone\"><a href=\"https:\/\/www.lemie5lire.com\/wp-content\/2009\/09\/cover1.jpg\"><img loading=\"lazy\" decoding=\"async\" title=\"Virgin Gorda\" src=\"https:\/\/www.lemie5lire.com\/wp-content\/2009\/09\/cover1.jpg\" alt=\"Ren\u00e8 Magritte - Amanti\" width=\"700\" height=\"511\" \/><\/a><figcaption class=\"wp-caption-text\">Ren\u00e8 Magritte &#8211; Amanti<\/figcaption><\/figure>\n<h3 style=\"text-align: justify;\">Cos&#8217;\u00e8<\/h3>\n<p style=\"text-align: justify;\">E&#8217; un esperimento. Un racconto d&#8217;avventura nel quale le immagini e la musica dovrebbero consentire la trasmissione delle sensazioni che ho avuto immaginando e sognando questa storia.<\/p>\n<h3 style=\"text-align: justify;\">Ringraziamenti<\/h3>\n<p style=\"text-align: justify;\">Le immagini contenute in Virgin Gorda hanno due provenienze: immagini di opere di artisti famosi, pertanto di dominio pubblico, e opere di artisti meno famosi che mi hanno concesso di utilizzare immagini dei loro lavori e che qui riporto, via via che entrano a far parte del racconto:<\/p>\n<p style=\"text-align: justify;\"><a href=\"https:\/\/ileanadellamatera.it\/biografia\/\">Ileana Della Matera<\/a><\/p>\n<p style=\"text-align: justify;\">Un ringraziamento particolare va a chi mi ha ispirato e se quanto ho scritto invece non vi \u00e8 piaciuto, ecco con chi prendervela. Ma aspetter\u00f2 a scrivere il suo nome finch\u00e9 non avr\u00f2 completato questo lavoro.<\/p>\n<p style=\"text-align: justify;\"><a title=\"Rapita\" href=\"https:\/\/www.lemie5lire.com\/?page_id=272\">Inizia la lettura<\/a><\/p>\n<h3>Aggiornamento<\/h3>\n<p>A distanza di tanti anni, ho deciso di provare a riprendere in mano questo esperimento. La novit\u00e0 pi\u00f9 grande \u00e8 che di fatto siamo entrati nell&#8217;era dell&#8217;intelligenza artificiale, cos\u00ec, man mano che rivedo le cose scritte, aggiungo anche dei disegni generati dall&#8217;AI.<\/p>\n<div class=\"pdfprnt-buttons pdfprnt-buttons-page pdfprnt-bottom-right\"><a href=\"https:\/\/www.lemie5lire.com\/index.php?rest_route=wpv2pages270&print=pdf\" class=\"pdfprnt-button pdfprnt-button-pdf\" target=\"_blank\"><\/a><a href=\"https:\/\/www.lemie5lire.com\/index.php?rest_route=wpv2pages270&print=print\" class=\"pdfprnt-button pdfprnt-button-print\" target=\"_blank\"><img decoding=\"async\" src=\"https:\/\/www.lemie5lire.com\/wp-content\/plugins\/pdf-print\/images\/print.png\" alt=\"image_print\" title=\"Stampa contenuto\" \/><\/a><\/div>","protected":false},"excerpt":{"rendered":"<p>Cos&#8217;\u00e8 E&#8217; un esperimento. Un racconto d&#8217;avventura nel quale le immagini e la musica dovrebbero consentire la trasmissione delle sensazioni che ho avuto immaginando e sognando questa storia. Ringraziamenti Le immagini contenute in Virgin Gorda hanno due provenienze: immagini di opere di artisti famosi, pertanto di dominio pubblico, e opere di artisti meno famosi che &hellip;<\/p>\n","protected":false},"author":1,"featured_media":0,"parent":0,"menu_order":0,"comment_status":"closed","ping_status":"closed","template":"","meta":{"ghostkit_customizer_options":"","ghostkit_custom_css":"","ghostkit_custom_js_head":"","ghostkit_custom_js_foot":"","ghostkit_typography":"","iawp_total_views":6,"footnotes":""},"class_list":["post-270","page","type-page","status-publish","hentry"],"_links":{"self":[{"href":"https:\/\/www.lemie5lire.com\/index.php?rest_route=\/wp\/v2\/pages\/270","targetHints":{"allow":["GET"]}}],"collection":[{"href":"https:\/\/www.lemie5lire.com\/index.php?rest_route=\/wp\/v2\/pages"}],"about":[{"href":"https:\/\/www.lemie5lire.com\/index.php?rest_route=\/wp\/v2\/types\/page"}],"author":[{"embeddable":true,"href":"https:\/\/www.lemie5lire.com\/index.php?rest_route=\/wp\/v2\/users\/1"}],"replies":[{"embeddable":true,"href":"https:\/\/www.lemie5lire.com\/index.php?rest_route=%2Fwp%2Fv2%2Fcomments&post=270"}],"version-history":[{"count":35,"href":"https:\/\/www.lemie5lire.com\/index.php?rest_route=\/wp\/v2\/pages\/270\/revisions"}],"predecessor-version":[{"id":47471,"href":"https:\/\/www.lemie5lire.com\/index.php?rest_route=\/wp\/v2\/pages\/270\/revisions\/47471"}],"wp:attachment":[{"href":"https:\/\/www.lemie5lire.com\/index.php?rest_route=%2Fwp%2Fv2%2Fmedia&parent=270"}],"curies":[{"name":"wp","href":"https:\/\/api.w.org\/{rel}","templated":true}]}}