{"id":1930,"date":"2015-09-15T21:43:21","date_gmt":"2015-09-15T20:43:21","guid":{"rendered":"http:\/\/www.jaconet.org\/?page_id=1930"},"modified":"2025-02-23T21:40:22","modified_gmt":"2025-02-23T20:40:22","slug":"about","status":"publish","type":"page","link":"https:\/\/www.lemie5lire.com\/?page_id=1930","title":{"rendered":"About"},"content":{"rendered":"<section id=\"builder-section-1442429175269\" class=\"builder-section-first builder-section builder-section-text builder-section-last builder-text-columns-1\" style=\"background-repeat: repeat;background-position: center center;\">\n<div class=\"builder-section-content\">\n<div class=\"builder-text-row\">\n<div class=\"builder-text-column builder-text-column-1\" id=\"builder-section-1442429175269-column-1\">\n<div class=\"builder-text-content\">\n<p><a href=\"https:\/\/www.lemie5lire.com\/wp-content\/2025\/02\/5lire.png\"><img loading=\"lazy\" decoding=\"async\" class=\" wp-image-47451 alignleft\" src=\"https:\/\/www.lemie5lire.com\/wp-content\/2025\/02\/5lire-297x300.png\" alt=\"\" width=\"212\" height=\"214\" srcset=\"https:\/\/www.lemie5lire.com\/wp-content\/2025\/02\/5lire-297x300.png 297w, https:\/\/www.lemie5lire.com\/wp-content\/2025\/02\/5lire-150x150.png 150w, https:\/\/www.lemie5lire.com\/wp-content\/2025\/02\/5lire.png 572w\" sizes=\"auto, (max-width: 212px) 100vw, 212px\" \/><\/a>Mi chiamo Paolo Giachin sono nato nel 1962 e vivo a Trieste.<\/p>\n<p>Mi piace fotografare e da tempo desideravo pubblicare le poche foto che valgono, a mio modesto parere, la pena di esser viste e che potete trovare <a href=\"https:\/\/www.lemie5lire.com\/?page_id=47339\">qui.<\/a><br \/>Ed ecco che \u00e8 nato questo sito.<\/p>\n<p><a href=\"https:\/\/www.lemie5lire.com\/\">Nel blog<\/a>, sotto il nome di &#8220;J(A)CO&#8221;, raccolgo i miei pensieri e qualche storia. Quelle che preferisco sono quelle che parlano di libert\u00e0, di eguaglianza e di Anarchia.<\/p>\n<p>Niente di che, solo miei pensieri e considerazioni. E questo \u00e8 il motivo del nome del sito &#8220;Le mie 5 lire&#8221;. Un vecchio proverbio triestino recita: &#8220;<em>d\u00f2 lire de mona in scarsela non f\u00e0 mai mal<\/em>&#8220;. La traduzione \u00e8:\u00a0 &#8220;due lire di sciocchezza in tasca non fanno mai male&#8221;. Cos\u00ec, visto che ci son pure le foto le lire son diventate 5 ed un giorno, messe <a href=\"https:\/\/www.lemie5lire.com\/?p=788\">le mani in tasca,<\/a> ho iniziato a tirarle fuori.<\/p>\n<p>Se mi firmo J(A)CO, c&#8217;\u00e8 un motivo. Jaco era il mio soprannome da ragazzo, e poich\u00e9 l&#8217;avanzare dell&#8217;et\u00e0 qualche nostalgia la sveglia la esorcizzo in questo modo, di pi\u00f9 lo si pu\u00f2 trovare ne &#8220;<a href=\"https:\/\/www.lemie5lire.com\/?page_id=7\">Il ritorno di Jaco<\/a>&#8220;.<br \/>La A tra parentesi \u00e8 in realt\u00e0 una A cerchiata, simbolo inequivocabilmente anarchico.<\/p>\n<p>Alcune pagine che hanno origine con <a href=\"https:\/\/www.lemie5lire.com\/?page_id=270\">Virgin Gorda<\/a>, sono solo un esperimento che per il momento \u00e8 incompiuto.<\/p>\n<p>Ci sono un paio di aforismi che penso siano in linea con questi pensieri e con quello che sento:<\/p>\n<p style=\"text-align: center;\"><big><em>&#8220;Ci sedemmo dalla parte del torto visto che tutti gli altri posti erano occupati. (B. Brecht)&#8221;<\/em><\/big><\/p>\n<p style=\"text-align: center;\"><big><em>&#8220;Incominciando col gustare un po\u2019 di libert\u00e0, si finisce per volerla tutta.(E. Malatesta)&#8221;<\/em><\/big><\/p>\n<p style=\"text-align: center;\"><a href=\"mailto:jacoisback@gmail.com\" target=\"_blank\" rel=\"noopener\">Scrivimi qui!<\/a><\/p>\n<\/p><\/div>\n<\/p><\/div>\n<\/p><\/div>\n<\/p><\/div>\n<\/section>\n<div class=\"pdfprnt-buttons pdfprnt-buttons-page pdfprnt-bottom-right\"><a href=\"https:\/\/www.lemie5lire.com\/index.php?rest_route=wpv2pages1930&print=pdf\" class=\"pdfprnt-button pdfprnt-button-pdf\" target=\"_blank\"><\/a><a href=\"https:\/\/www.lemie5lire.com\/index.php?rest_route=wpv2pages1930&print=print\" class=\"pdfprnt-button pdfprnt-button-print\" target=\"_blank\"><img decoding=\"async\" src=\"https:\/\/www.lemie5lire.com\/wp-content\/plugins\/pdf-print\/images\/print.png\" alt=\"image_print\" title=\"Stampa contenuto\" \/><\/a><\/div>","protected":false},"excerpt":{"rendered":"<p>Mi chiamo Paolo Giachin sono nato nel 1962 e vivo a Trieste. Mi piace fotografare e da tempo desideravo pubblicare le poche foto che valgono, a mio modesto parere, la pena di esser viste e che potete trovare qui.Ed ecco che \u00e8 nato questo sito. Nel blog, sotto il nome di &#8220;J(A)CO&#8221;, raccolgo i miei &hellip;<\/p>\n","protected":false},"author":1,"featured_media":0,"parent":0,"menu_order":0,"comment_status":"closed","ping_status":"closed","template":"template-builder.php","meta":{"ghostkit_customizer_options":"","ghostkit_custom_css":"","ghostkit_custom_js_head":"","ghostkit_custom_js_foot":"","ghostkit_typography":"","iawp_total_views":27,"footnotes":""},"class_list":["post-1930","page","type-page","status-publish","hentry"],"_links":{"self":[{"href":"https:\/\/www.lemie5lire.com\/index.php?rest_route=\/wp\/v2\/pages\/1930","targetHints":{"allow":["GET"]}}],"collection":[{"href":"https:\/\/www.lemie5lire.com\/index.php?rest_route=\/wp\/v2\/pages"}],"about":[{"href":"https:\/\/www.lemie5lire.com\/index.php?rest_route=\/wp\/v2\/types\/page"}],"author":[{"embeddable":true,"href":"https:\/\/www.lemie5lire.com\/index.php?rest_route=\/wp\/v2\/users\/1"}],"replies":[{"embeddable":true,"href":"https:\/\/www.lemie5lire.com\/index.php?rest_route=%2Fwp%2Fv2%2Fcomments&post=1930"}],"version-history":[{"count":13,"href":"https:\/\/www.lemie5lire.com\/index.php?rest_route=\/wp\/v2\/pages\/1930\/revisions"}],"predecessor-version":[{"id":47452,"href":"https:\/\/www.lemie5lire.com\/index.php?rest_route=\/wp\/v2\/pages\/1930\/revisions\/47452"}],"wp:attachment":[{"href":"https:\/\/www.lemie5lire.com\/index.php?rest_route=%2Fwp%2Fv2%2Fmedia&parent=1930"}],"curies":[{"name":"wp","href":"https:\/\/api.w.org\/{rel}","templated":true}]}}